{"id":16170,"date":"2020-07-23T09:12:41","date_gmt":"2020-07-23T07:12:41","guid":{"rendered":"https:\/\/fain-elevators.com\/politique-de-confidentialite\/"},"modified":"2026-01-27T16:09:22","modified_gmt":"2026-01-27T15:09:22","slug":"politique-de-confidentialite","status":"publish","type":"page","link":"https:\/\/fain-elevators.com\/fr\/politique-de-confidentialite\/","title":{"rendered":"Politique de confidentialit\u00e9"},"content":{"rendered":"\n<h4 class=\"has-text-align-left wp-block-heading\" id=\"party-responsible\"><strong>PARTIE RESPONSABLE<\/strong><\/h4>\n\n<p class=\"has-text-align-left\"><strong>Identit\u00e9<\/strong><br\/>Soci\u00e9t\u00e9 : FAIN ASCENSORES S.A.<br\/>Num\u00e9ro d&rsquo;identification fiscale (CIF) : A28303485<br\/>Adresse C\/ DR. ESQUERDO 57<br\/>Ville : MADRID<br\/>Code postal : 28007<br\/>T\u00e9l\u00e9phone : <a href=\"https:\/\/fain.es\/en\/privacy-policy\/\">+34 914093101<\/a><br\/>E-Mail : <a href=\"mailto:lopd@fainascensores.com\">lopd@fainascensores.com<\/a><br\/>Datos de contacto del delegado en protecci\u00f3n de datos : SEGURIDAD Y PRIVACIDAD DE DATOS S.L. (FORLOPD)<br\/>Contact DPO : <a href=\"mailto:infodpo@forlopd.es\">infodpo@forlopd.es<\/a> | <a href=\"https:\/\/www.forlopd.es\" target=\"_blank\" rel=\"noreferrer noopener\">www.forlopd.es<\/a><\/p>\n\n<h4 class=\"has-text-align-left wp-block-heading\" id=\"purposes\"><strong>OBJECTIFS<\/strong><\/h4>\n\n<p class=\"has-text-align-left\">Nous traiterons vos donn\u00e9es personnelles aux fins suivantes :<\/p>\n\n<p class=\"has-text-align-left\"><strong>Parties int\u00e9ress\u00e9es<\/strong><\/p>\n\n<p class=\"has-text-align-left\">R\u00e9pondre aux demandes d&rsquo;information re\u00e7ues par l&rsquo;interm\u00e9diaire de nos canaux de contact<\/p>\n\n<p class=\"has-text-align-left\">Comprendre le comportement de l&rsquo;utilisateur sur le web afin de d\u00e9tecter d&rsquo;\u00e9ventuelles attaques informatiques sur notre site web.<\/p>\n\n<p class=\"has-text-align-left\"><strong>Clients<\/strong><\/p>\n\n<p class=\"has-text-align-left\">R\u00e9pondre aux demandes des utilisateurs<\/p>\n\n<p class=\"has-text-align-left\">La fourniture des services qu&rsquo;ils ont contract\u00e9s<\/p>\n\n<p class=\"has-text-align-left\">G\u00e9rer la relation d&rsquo;affaires<\/p>\n\n<p class=\"has-text-align-left\">Envoyer des communications commerciales<\/p>\n\n<p class=\"has-text-align-left\">R\u00e9agir \u00e0 toute situation d&rsquo;urgence pouvant survenir lors de l&rsquo;utilisation des ascenseurs<\/p>\n\n<p class=\"has-text-align-left\">mener des enqu\u00eates de qualit\u00e9 qui nous permettent d&rsquo;\u00e9valuer notre service<\/p>\n\n<p class=\"has-text-align-left\">R\u00e9pondre aux plaintes et aux incidents et les r\u00e9soudre<\/p>\n\n<p class=\"has-text-align-left\">Assister aux compliments qu&rsquo;ils veulent nous adresser<\/p>\n\n<p class=\"has-text-align-left\">Comprendre le comportement de l&rsquo;utilisateur sur le web afin de d\u00e9tecter d&rsquo;\u00e9ventuelles attaques informatiques sur notre site web.<\/p>\n\n<p class=\"has-text-align-left\"><strong>Fournisseurs<\/strong><\/p>\n\n<p class=\"has-text-align-left\">G\u00e9rer la relation d&rsquo;affaires<\/p>\n\n<p class=\"has-text-align-left\"><strong>Des candidats aux offres d&#8217;emploi<\/strong><\/p>\n\n<p class=\"has-text-align-left\">G\u00e9rez votre candidature.<\/p>\n\n<p class=\"has-text-align-left\">Nous vous informerons de l&rsquo;\u00e9tat d&rsquo;avancement du processus de s\u00e9lection et de votre candidature.<\/p>\n\n<p class=\"has-text-align-left\">Comprendre le comportement de l&rsquo;utilisateur sur le web afin de d\u00e9tecter d&rsquo;\u00e9ventuelles attaques informatiques sur notre site web.<\/p>\n\n<h4 class=\"has-text-align-left wp-block-heading\" id=\"location-of-the-processing\"><strong>LIEU DU TRAITEMENT<\/strong><\/h4>\n\n<p class=\"has-text-align-left\">Vos donn\u00e9es personnelles sont trait\u00e9es dans l&rsquo;Espace \u00e9conomique europ\u00e9en ; nous ne les transf\u00e9rons pas en dehors de celui-ci.<\/p>\n\n<h4 class=\"has-text-align-left wp-block-heading\" id=\"legal-basis-of-the-processing\"><strong>BASE JURIDIQUE DU TRAITEMENT<\/strong><\/h4>\n\n<p class=\"has-text-align-left\">En fonction de votre relation avec notre organisation, nous nous appuyons sur :<\/p>\n\n<p class=\"has-text-align-left\"><strong>Parties int\u00e9ress\u00e9es<\/strong><\/p>\n\n<p class=\"has-text-align-left\">Dans le consentement que vous nous avez donn\u00e9 pour traiter vos donn\u00e9es aux fins indiqu\u00e9es<\/p>\n\n<p class=\"has-text-align-left\">Dans notre int\u00e9r\u00eat l\u00e9gitime \u00e0 pr\u00e9venir les attaques sur notre site web<\/p>\n\n<p class=\"has-text-align-left\"><strong>Clients<\/strong><\/p>\n\n<p class=\"has-text-align-left\">Dans le consentement que vous nous avez donn\u00e9 pour traiter vos donn\u00e9es aux fins indiqu\u00e9es<\/p>\n\n<p class=\"has-text-align-left\">Ex\u00e9cuter un contrat dans lequel vous \u00eates partie.<\/p>\n\n<p class=\"has-text-align-left\"><strong>Fournisseurs<\/strong><\/p>\n\n<p class=\"has-text-align-left\">Ex\u00e9cuter un contrat.<\/p>\n\n<p class=\"has-text-align-left\"><strong>Les candidats aux offres d&#8217;emploi :<\/strong><\/p>\n\n<p class=\"has-text-align-left\">Dans le consentement que vous nous avez donn\u00e9 pour traiter vos donn\u00e9es aux fins indiqu\u00e9es<\/p>\n\n<h4 class=\"has-text-align-left wp-block-heading\" id=\"accuracy-of-the-data\"><strong>L&rsquo;EXACTITUDE DES DONN\u00c9ES<\/strong><\/h4>\n\n<p class=\"has-text-align-left\">L&rsquo;int\u00e9ress\u00e9 garantit que les informations fournies sont vraies, exactes, compl\u00e8tes et \u00e0 jour et s&rsquo;engage \u00e0 signaler toute modification des informations fournies, par les canaux pr\u00e9vus \u00e0 cet effet et indiqu\u00e9s au point 8 de la pr\u00e9sente politique. Il est responsable de toute perte ou de tout dommage, direct ou indirect, qu&rsquo;il pourrait causer en raison du non-respect de cette obligation. <br\/><\/p>\n\n<p class=\"has-text-align-left\">Dans le cas o\u00f9 l&rsquo;utilisateur fournit des donn\u00e9es provenant de tiers, il d\u00e9clare avoir obtenu le consentement des int\u00e9ress\u00e9s et s&rsquo;engage \u00e0 transf\u00e9rer les informations contenues dans la pr\u00e9sente clause, en exon\u00e9rant l&rsquo;organisation de toute responsabilit\u00e9 d\u00e9coulant du non-respect de cette obligation.<\/p>\n\n<h4 class=\"has-text-align-left wp-block-heading\" id=\"storage-period\"><strong>DUR\u00c9E DE STOCKAGE<\/strong><\/h4>\n\n<p class=\"has-text-align-left\">En fonction de votre relation avec notre organisation, nous les conserverons comme suit :<\/p>\n\n<p class=\"has-text-align-left\"><strong>Parties int\u00e9ress\u00e9es<\/strong><\/p>\n\n<p class=\"has-text-align-left\">Les donn\u00e9es seront conserv\u00e9es pendant la dur\u00e9e n\u00e9cessaire \u00e0 la r\u00e9alisation de l&rsquo;objectif pour lequel elles ont \u00e9t\u00e9 collect\u00e9es et \u00e0 condition qu&rsquo;elles ne retirent pas les consentements accord\u00e9s.<\/p>\n\n<p class=\"has-text-align-left\"><strong>Clients<\/strong><\/p>\n\n<p class=\"has-text-align-left\">Les donn\u00e9es seront conserv\u00e9es pendant la dur\u00e9e n\u00e9cessaire \u00e0 la r\u00e9alisation de l&rsquo;objectif pour lequel elles ont \u00e9t\u00e9 collect\u00e9es et \u00e0 condition qu&rsquo;elles ne retirent pas les consentements accord\u00e9s. \u00c0 la fin de la relation contractuelle, nous sommes tenus de conserver vos donn\u00e9es pendant les p\u00e9riodes pr\u00e9vues par la loi pour des raisons juridiques, fiscales et comptables. Vos donn\u00e9es ne seront stock\u00e9es qu&rsquo;\u00e0 cette fin et leur acc\u00e8s ainsi que tout traitement autre que celui sp\u00e9cifi\u00e9 dans le pr\u00e9sent document seront bloqu\u00e9s. Apr\u00e8s cette p\u00e9riode, les donn\u00e9es seront supprim\u00e9es de mani\u00e8re \u00e0 ce qu&rsquo;elles ne puissent pas \u00eatre restaur\u00e9es.  <\/p>\n\n<p class=\"has-text-align-left\"><strong>Fournisseurs<\/strong><\/p>\n\n<p class=\"has-text-align-left\">Les donn\u00e9es seront conserv\u00e9es pendant la dur\u00e9e n\u00e9cessaire \u00e0 la r\u00e9alisation de l&rsquo;objectif pour lequel elles ont \u00e9t\u00e9 collect\u00e9es et \u00e0 condition qu&rsquo;elles ne retirent pas les consentements accord\u00e9s. Au terme de la relation contractuelle, nous sommes tenus de conserver vos donn\u00e9es pendant les d\u00e9lais l\u00e9gaux en mati\u00e8re fiscale et comptable. Vos donn\u00e9es ne seront stock\u00e9es qu&rsquo;\u00e0 cette fin et leur acc\u00e8s ainsi que tout traitement autre que celui sp\u00e9cifi\u00e9 dans le pr\u00e9sent document seront bloqu\u00e9s. Apr\u00e8s cette p\u00e9riode, les donn\u00e9es seront supprim\u00e9es de mani\u00e8re \u00e0 ce qu&rsquo;elles ne puissent pas \u00eatre restaur\u00e9es.  <\/p>\n\n<p class=\"has-text-align-left\"><strong>Les candidats aux offres d&#8217;emploi :<\/strong><\/p>\n\n<p class=\"has-text-align-left\">Les donn\u00e9es seront conserv\u00e9es pendant la dur\u00e9e n\u00e9cessaire \u00e0 l&rsquo;ach\u00e8vement du processus de s\u00e9lection pour lequel vous avez postul\u00e9. Une fois cette p\u00e9riode \u00e9coul\u00e9e, elles seront conserv\u00e9es pendant un an \u00e0 compter de la date de la derni\u00e8re candidature. Apr\u00e8s cette p\u00e9riode, les donn\u00e9es seront supprim\u00e9es de mani\u00e8re \u00e0 ce qu&rsquo;elles ne puissent pas \u00eatre restaur\u00e9es.  <\/p>\n\n<h4 class=\"has-text-align-left wp-block-heading\" id=\"data-communications\"><strong>LES COMMUNICATIONS DE DONN\u00c9ES<\/strong><\/h4>\n\n<p class=\"has-text-align-left\">Vos donn\u00e9es peuvent \u00eatre communiqu\u00e9es \u00e0 :<\/p>\n\n<p class=\"has-text-align-left\">Administrations publiques.<\/p>\n\n<p class=\"has-text-align-left\">Forces et organes de s\u00e9curit\u00e9 de l&rsquo;\u00c9tat.<\/p>\n\n<p class=\"has-text-align-left\">Banques et institutions financi\u00e8res pour la gestion des encaissements et des paiements.<\/p>\n\n<p class=\"has-text-align-left\">Trustpilot A\/S (\u00ab\u00a0Trustpilot\u00a0\u00bb) agit en tant que processeur de donn\u00e9es et nous aide \u00e0 recueillir les \u00e9valuations du service offert par FAIN ASCENSORES SA.<br\/>Il est possible que Trustpilot envoie un courriel apr\u00e8s la signature d&rsquo;un contrat ou la r\u00e9alisation d&rsquo;un travail de maintenance pour solliciter l&rsquo;opinion des clients de FAIN.<br\/>\u00c0 cette fin et pour que les \u00e9valuations soient fiables, nous communiquons \u00e0 Trustpilot votre nom, votre adresse \u00e9lectronique et le num\u00e9ro de r\u00e9f\u00e9rence de votre client.<br\/>Si vous souhaitez en savoir plus sur le traitement des informations par Trustpilot, vous pouvez consulter sa politique de confidentialit\u00e9 sur ce <a href=\"https:\/\/es.legal.trustpilot.com\/for-reviewers\/end-user-privacy-terms\">site.<\/a><\/p>\n\n<h4 class=\"has-text-align-left wp-block-heading\" id=\"rights\"><strong>DROITS<\/strong><\/h4>\n\n<p class=\"has-text-align-left\">Vous disposez d&rsquo;un droit d&rsquo;<strong>acc\u00e8s, de rectification, d&rsquo;effacement, d&rsquo;opposition et de limitation du traitement de vos donn\u00e9es personnelles.<\/strong><\/p>\n\n<p class=\"has-text-align-left\">Vous pouvez retirer votre consentement \u00e0 tout moment.<\/p>\n\n<p class=\"has-text-align-left\">Vous avez \u00e9galement le droit de demander la <strong>portabilit\u00e9 de vos donn\u00e9es<\/strong> (lorsque cela est techniquement possible) et de <strong>ne pas faire l&rsquo;objet d&rsquo;une d\u00e9cision automatis\u00e9e fond\u00e9e sur le profilage <\/strong>(bien que nous ne prenions pas de d\u00e9cisions automatis\u00e9es fond\u00e9es sur le profilage ou que nous ne dessinions pas de profils de quelque nature que ce soit).<\/p>\n\n<p class=\"has-text-align-left\">Si vous n&rsquo;\u00eates pas d&rsquo;accord avec la mani\u00e8re dont nous avons trait\u00e9 vos donn\u00e9es, vous avez le droit de d\u00e9poser une plainte.<\/p>\n\n<p class=\"has-text-align-left\">Vous pouvez exercer vos droits en \u00e9crivant \u00e0 FAIN ASCENSORES &#8211; Unit\u00e9 de conformit\u00e9 du GDPR, \u00e0 l&rsquo;adresse suivante : c\/Dr. Esquerdo 57, 28007, Madrid ou par courrier \u00e9lectronique \u00e0 l&rsquo;adresse suivante : lopd@fainascensores.com. <\/p>\n\n<p class=\"has-text-align-left\">Dans les deux cas, une copie de votre carte d&rsquo;identit\u00e9 nationale ou d&rsquo;un document \u00e9quivalent doit \u00eatre jointe pour prouver votre identit\u00e9.<\/p>\n\n<p class=\"has-text-align-left\">Nous analyserons votre demande et\/ou r\u00e9clamation pour vous donner une r\u00e9ponse et r\u00e9gler l&rsquo;incident le plus rapidement possible<\/p>\n\n<p class=\"has-text-align-left\">Si vous estimez toujours que vos donn\u00e9es personnelles n&rsquo;ont pas \u00e9t\u00e9 trait\u00e9es correctement, vous pouvez introduire une r\u00e9clamation aupr\u00e8s de l&rsquo;autorit\u00e9 de contr\u00f4le <a href=\"http:\/\/www.agpd.es\">: http:\/\/www.agpd.es<\/a><\/p>\n","protected":false},"excerpt":{"rendered":"<p>PARTIE RESPONSABLE Identit\u00e9Soci\u00e9t\u00e9 : FAIN ASCENSORES S.A.Num\u00e9ro d&rsquo;identification fiscale (CIF) : A28303485Adresse C\/ DR. ESQUERDO 57Ville : MADRIDCode postal : 28007T\u00e9l\u00e9phone : +34 914093101E-Mail : lopd@fainascensores.comDatos de contacto del delegado en protecci\u00f3n de datos : SEGURIDAD Y PRIVACIDAD DE DATOS S.L. (FORLOPD)Contact DPO : infodpo@forlopd.es | www.forlopd.es OBJECTIFS Nous traiterons vos donn\u00e9es personnelles aux fins [&hellip;]<\/p>\n","protected":false},"author":1,"featured_media":0,"parent":0,"menu_order":0,"comment_status":"closed","ping_status":"closed","template":"","meta":{"_acf_changed":false,"inline_featured_image":false,"footnotes":""},"class_list":["post-16170","page","type-page","status-publish","hentry"],"acf":[],"yoast_head":"<!-- This site is optimized with the Yoast SEO plugin v27.4 - https:\/\/yoast.com\/product\/yoast-seo-wordpress\/ -->\n<title>Politique de confidentialit\u00e9 - FAIN GLOBAL<\/title>\n<meta name=\"description\" content=\"Chez FAIN, nous accordons de l&#039;importance \u00e0 votre vie priv\u00e9e et c&#039;est pourquoi nous mettons \u00e0 votre disposition notre politique de responsabilit\u00e9 en mati\u00e8re d&#039;information.\" \/>\n<meta name=\"robots\" content=\"index, follow, max-snippet:-1, max-image-preview:large, max-video-preview:-1\" \/>\n<link rel=\"canonical\" href=\"https:\/\/fain-elevators.com\/fr\/politique-de-confidentialite\/\" \/>\n<meta property=\"og:locale\" content=\"fr_FR\" \/>\n<meta property=\"og:type\" content=\"article\" \/>\n<meta property=\"og:title\" content=\"Politique de confidentialit\u00e9 - FAIN GLOBAL\" \/>\n<meta property=\"og:description\" content=\"Chez FAIN, nous accordons de l&#039;importance \u00e0 votre vie priv\u00e9e et c&#039;est pourquoi nous mettons \u00e0 votre disposition notre politique de responsabilit\u00e9 en mati\u00e8re d&#039;information.\" \/>\n<meta property=\"og:url\" content=\"https:\/\/fain-elevators.com\/fr\/politique-de-confidentialite\/\" \/>\n<meta property=\"og:site_name\" content=\"FAIN GLOBAL\" \/>\n<meta property=\"article:modified_time\" content=\"2026-01-27T15:09:22+00:00\" \/>\n<meta name=\"twitter:card\" content=\"summary_large_image\" \/>\n<meta name=\"twitter:label1\" content=\"Dur\u00e9e de lecture estim\u00e9e\" \/>\n\t<meta name=\"twitter:data1\" content=\"6 minutes\" \/>\n<script type=\"application\/ld+json\" class=\"yoast-schema-graph\">{\"@context\":\"https:\\\/\\\/schema.org\",\"@graph\":[{\"@type\":\"WebPage\",\"@id\":\"https:\\\/\\\/fain-elevators.com\\\/fr\\\/politique-de-confidentialite\\\/\",\"url\":\"https:\\\/\\\/fain-elevators.com\\\/fr\\\/politique-de-confidentialite\\\/\",\"name\":\"Politique de confidentialit\u00e9 - FAIN GLOBAL\",\"isPartOf\":{\"@id\":\"https:\\\/\\\/fain-elevators.com\\\/fr\\\/#website\"},\"datePublished\":\"2020-07-23T07:12:41+00:00\",\"dateModified\":\"2026-01-27T15:09:22+00:00\",\"description\":\"Chez FAIN, nous accordons de l'importance \u00e0 votre vie priv\u00e9e et c'est pourquoi nous mettons \u00e0 votre disposition notre politique de responsabilit\u00e9 en mati\u00e8re d'information.\",\"breadcrumb\":{\"@id\":\"https:\\\/\\\/fain-elevators.com\\\/fr\\\/politique-de-confidentialite\\\/#breadcrumb\"},\"inLanguage\":\"fr-FR\",\"potentialAction\":[{\"@type\":\"ReadAction\",\"target\":[\"https:\\\/\\\/fain-elevators.com\\\/fr\\\/politique-de-confidentialite\\\/\"]}]},{\"@type\":\"BreadcrumbList\",\"@id\":\"https:\\\/\\\/fain-elevators.com\\\/fr\\\/politique-de-confidentialite\\\/#breadcrumb\",\"itemListElement\":[{\"@type\":\"ListItem\",\"position\":1,\"name\":\"Portada\",\"item\":\"https:\\\/\\\/fain-elevators.com\\\/fr\\\/\"},{\"@type\":\"ListItem\",\"position\":2,\"name\":\"Politique de confidentialit\u00e9\"}]},{\"@type\":\"WebSite\",\"@id\":\"https:\\\/\\\/fain-elevators.com\\\/fr\\\/#website\",\"url\":\"https:\\\/\\\/fain-elevators.com\\\/fr\\\/\",\"name\":\"FAIN\",\"description\":\"\",\"publisher\":{\"@id\":\"https:\\\/\\\/fain-elevators.com\\\/fr\\\/#organization\"},\"potentialAction\":[{\"@type\":\"SearchAction\",\"target\":{\"@type\":\"EntryPoint\",\"urlTemplate\":\"https:\\\/\\\/fain-elevators.com\\\/fr\\\/?s={search_term_string}\"},\"query-input\":{\"@type\":\"PropertyValueSpecification\",\"valueRequired\":true,\"valueName\":\"search_term_string\"}}],\"inLanguage\":\"fr-FR\"},{\"@type\":\"Organization\",\"@id\":\"https:\\\/\\\/fain-elevators.com\\\/fr\\\/#organization\",\"name\":\"FAIN\",\"url\":\"https:\\\/\\\/fain-elevators.com\\\/fr\\\/\",\"logo\":{\"@type\":\"ImageObject\",\"inLanguage\":\"fr-FR\",\"@id\":\"https:\\\/\\\/fain-elevators.com\\\/fr\\\/#\\\/schema\\\/logo\\\/image\\\/\",\"url\":\"https:\\\/\\\/fain-elevators.com\\\/wp-content\\\/uploads\\\/sites\\\/5\\\/2022\\\/07\\\/fain-logo.svg\",\"contentUrl\":\"https:\\\/\\\/fain-elevators.com\\\/wp-content\\\/uploads\\\/sites\\\/5\\\/2022\\\/07\\\/fain-logo.svg\",\"width\":130,\"height\":130,\"caption\":\"FAIN\"},\"image\":{\"@id\":\"https:\\\/\\\/fain-elevators.com\\\/fr\\\/#\\\/schema\\\/logo\\\/image\\\/\"}}]}<\/script>\n<!-- \/ Yoast SEO plugin. -->","yoast_head_json":{"title":"Politique de confidentialit\u00e9 - FAIN GLOBAL","description":"Chez FAIN, nous accordons de l'importance \u00e0 votre vie priv\u00e9e et c'est pourquoi nous mettons \u00e0 votre disposition notre politique de responsabilit\u00e9 en mati\u00e8re d'information.","robots":{"index":"index","follow":"follow","max-snippet":"max-snippet:-1","max-image-preview":"max-image-preview:large","max-video-preview":"max-video-preview:-1"},"canonical":"https:\/\/fain-elevators.com\/fr\/politique-de-confidentialite\/","og_locale":"fr_FR","og_type":"article","og_title":"Politique de confidentialit\u00e9 - FAIN GLOBAL","og_description":"Chez FAIN, nous accordons de l'importance \u00e0 votre vie priv\u00e9e et c'est pourquoi nous mettons \u00e0 votre disposition notre politique de responsabilit\u00e9 en mati\u00e8re d'information.","og_url":"https:\/\/fain-elevators.com\/fr\/politique-de-confidentialite\/","og_site_name":"FAIN GLOBAL","article_modified_time":"2026-01-27T15:09:22+00:00","twitter_card":"summary_large_image","twitter_misc":{"Dur\u00e9e de lecture estim\u00e9e":"6 minutes"},"schema":{"@context":"https:\/\/schema.org","@graph":[{"@type":"WebPage","@id":"https:\/\/fain-elevators.com\/fr\/politique-de-confidentialite\/","url":"https:\/\/fain-elevators.com\/fr\/politique-de-confidentialite\/","name":"Politique de confidentialit\u00e9 - FAIN GLOBAL","isPartOf":{"@id":"https:\/\/fain-elevators.com\/fr\/#website"},"datePublished":"2020-07-23T07:12:41+00:00","dateModified":"2026-01-27T15:09:22+00:00","description":"Chez FAIN, nous accordons de l'importance \u00e0 votre vie priv\u00e9e et c'est pourquoi nous mettons \u00e0 votre disposition notre politique de responsabilit\u00e9 en mati\u00e8re d'information.","breadcrumb":{"@id":"https:\/\/fain-elevators.com\/fr\/politique-de-confidentialite\/#breadcrumb"},"inLanguage":"fr-FR","potentialAction":[{"@type":"ReadAction","target":["https:\/\/fain-elevators.com\/fr\/politique-de-confidentialite\/"]}]},{"@type":"BreadcrumbList","@id":"https:\/\/fain-elevators.com\/fr\/politique-de-confidentialite\/#breadcrumb","itemListElement":[{"@type":"ListItem","position":1,"name":"Portada","item":"https:\/\/fain-elevators.com\/fr\/"},{"@type":"ListItem","position":2,"name":"Politique de confidentialit\u00e9"}]},{"@type":"WebSite","@id":"https:\/\/fain-elevators.com\/fr\/#website","url":"https:\/\/fain-elevators.com\/fr\/","name":"FAIN","description":"","publisher":{"@id":"https:\/\/fain-elevators.com\/fr\/#organization"},"potentialAction":[{"@type":"SearchAction","target":{"@type":"EntryPoint","urlTemplate":"https:\/\/fain-elevators.com\/fr\/?s={search_term_string}"},"query-input":{"@type":"PropertyValueSpecification","valueRequired":true,"valueName":"search_term_string"}}],"inLanguage":"fr-FR"},{"@type":"Organization","@id":"https:\/\/fain-elevators.com\/fr\/#organization","name":"FAIN","url":"https:\/\/fain-elevators.com\/fr\/","logo":{"@type":"ImageObject","inLanguage":"fr-FR","@id":"https:\/\/fain-elevators.com\/fr\/#\/schema\/logo\/image\/","url":"https:\/\/fain-elevators.com\/wp-content\/uploads\/sites\/5\/2022\/07\/fain-logo.svg","contentUrl":"https:\/\/fain-elevators.com\/wp-content\/uploads\/sites\/5\/2022\/07\/fain-logo.svg","width":130,"height":130,"caption":"FAIN"},"image":{"@id":"https:\/\/fain-elevators.com\/fr\/#\/schema\/logo\/image\/"}}]}},"_links":{"self":[{"href":"https:\/\/fain-elevators.com\/fr\/wp-json\/wp\/v2\/pages\/16170","targetHints":{"allow":["GET"]}}],"collection":[{"href":"https:\/\/fain-elevators.com\/fr\/wp-json\/wp\/v2\/pages"}],"about":[{"href":"https:\/\/fain-elevators.com\/fr\/wp-json\/wp\/v2\/types\/page"}],"author":[{"embeddable":true,"href":"https:\/\/fain-elevators.com\/fr\/wp-json\/wp\/v2\/users\/1"}],"replies":[{"embeddable":true,"href":"https:\/\/fain-elevators.com\/fr\/wp-json\/wp\/v2\/comments?post=16170"}],"version-history":[{"count":2,"href":"https:\/\/fain-elevators.com\/fr\/wp-json\/wp\/v2\/pages\/16170\/revisions"}],"predecessor-version":[{"id":16175,"href":"https:\/\/fain-elevators.com\/fr\/wp-json\/wp\/v2\/pages\/16170\/revisions\/16175"}],"wp:attachment":[{"href":"https:\/\/fain-elevators.com\/fr\/wp-json\/wp\/v2\/media?parent=16170"}],"curies":[{"name":"wp","href":"https:\/\/api.w.org\/{rel}","templated":true}]}}