{"id":16160,"date":"2020-09-29T10:32:18","date_gmt":"2020-09-29T08:32:18","guid":{"rendered":"https:\/\/fain-elevators.com\/politique-en-matiere-de-cookies\/"},"modified":"2026-01-27T16:05:09","modified_gmt":"2026-01-27T15:05:09","slug":"politique-en-matiere-de-cookies","status":"publish","type":"page","link":"https:\/\/fain-elevators.com\/fr\/politique-en-matiere-de-cookies\/","title":{"rendered":"Politique en mati\u00e8re de cookies"},"content":{"rendered":"\n<p>Ce site web utilise des cookies. L&rsquo;utilisation que nous faisons des cookies sur notre site web a pour but d&rsquo;am\u00e9liorer votre exp\u00e9rience d&rsquo;utilisateur, en personnalisant les contenus et les actions de diffusion de notre activit\u00e9. Par cons\u00e9quent, nous pouvons partager des informations sur l&rsquo;utilisation du site Web avec des partenaires de m\u00e9dias sociaux ou toute analyse que nous pouvons avoir \u00e0 un moment donn\u00e9, et ils peuvent les combiner avec d&rsquo;autres informations qui leur ont \u00e9t\u00e9 fournies ou qu&rsquo;ils ont collect\u00e9es \u00e0 partir de l&rsquo;utilisation que vous avez faite de leurs services. Si vous cliquez sur \u00ab\u00a0Accepter et continuer \u00e0 naviguer\u00a0\u00bb, vous acceptez tous les cookies. Si vous cliquez sur \u00ab\u00a0Param\u00e8tres\u00a0\u00bb, vous pouvez s\u00e9lectionner ceux que vous souhaitez ou les refuser tous. Vous pouvez modifier vos param\u00e8tres \u00e0 tout moment.     <\/p>\n\n<p>Les cookies sont de petits fichiers texte que les pages web peuvent utiliser pour rendre l&rsquo;exp\u00e9rience des utilisateurs plus efficace.<\/p>\n\n<p>La loi stipule que nous pouvons stocker des cookies sur votre appareil s&rsquo;ils sont strictement n\u00e9cessaires au fonctionnement de cette page. Pour tous les autres types de cookies, nous avons besoin de votre consentement pour stocker des cookies sur votre appareil. <\/p>\n\n<p>Ce site web utilise diff\u00e9rents types de cookies. Certains de ces cookies sont fournis par des services tiers qui apparaissent sur notre site web. <\/p>\n\n<p>Vous pouvez modifier ou retirer votre consentement \u00e0 tout moment \u00e0 partir de la d\u00e9claration ou de la politique en mati\u00e8re de cookies sur notre site web.<\/p>\n\n<p>La pr\u00e9sente d\u00e9claration ou politique en mati\u00e8re de cookies peut \u00eatre modifi\u00e9e \u00e0 tout moment pour des raisons juridiques, r\u00e9glementaires ou techniques ou en raison de changements dans la fourniture des services du site web. Lorsqu&rsquo;une modification est apport\u00e9e, nous la publions sur le site web pour votre information. Si vous continuez \u00e0 utiliser les services du site web, nous consid\u00e9rerons que vous avez accept\u00e9 les changements introduits.  <\/p>\n\n<p>Dans les cas o\u00f9 les cookies permettent l&rsquo;identification de l&rsquo;utilisateur (certains cookies analytiques), FAIN Ascensores vous informe qu&rsquo;elle est le contr\u00f4leur de ces donn\u00e9es et qu&rsquo;elle ne traitera ces donn\u00e9es que dans le but de g\u00e9rer la fonction sp\u00e9cifique de chaque cookie, conform\u00e9ment \u00e0 ce qui est d\u00e9crit dans le paragraphe pr\u00e9c\u00e9dent. L&rsquo;acceptation des cookies est volontaire, \u00e0 l&rsquo;exception des cookies n\u00e9cessaires. <\/p>\n\n<p>Vous pouvez exercer les droits d&rsquo;acc\u00e8s, de rectification, de suppression, d&rsquo;opposition, de limitation du traitement et de portabilit\u00e9 en ce qui concerne vos donn\u00e9es personnelles. Pour ce faire, vous devez envoyer une communication postale au Docteur Esquerdo 57 28007 Madrid ou par courrier \u00e9lectronique \u00e0 lopd@fainascensores.com, en fournissant une photocopie de votre carte d&rsquo;identit\u00e9 nationale, de votre passeport ou d&rsquo;un autre document d&rsquo;identification valide en vertu de la loi espagnole. <\/p>\n\n<p>Si vous consid\u00e9rez que vos donn\u00e9es personnelles n&rsquo;ont pas \u00e9t\u00e9 trait\u00e9es conform\u00e9ment \u00e0 la r\u00e9glementation, ou pour toute question que vous jugez appropri\u00e9e, vous pouvez contacter le d\u00e9l\u00e9gu\u00e9 \u00e0 la protection des donn\u00e9es \u00e0 l&rsquo;adresse <a href=\"mailto:lopd@fainascensores.com\">lopd@fainascensores.com<\/a>. Dans tous les cas, vous pouvez introduire une r\u00e9clamation aupr\u00e8s de l&rsquo;Agence espagnole de protection des donn\u00e9es<a href=\"https:\/\/www.aepd.es\/\" target=\"_blank\" rel=\"noreferrer noopener\">(www.agpd.es)<\/a>. <\/p>\n\n<script id=\"CookieDeclaration\" src=\"https:\/\/consent.cookiebot.com\/7fc1b15d-46e1-4355-bfb2-60dc6b577df1\/cd.js\" type=\"text\/javascript\" async=\"\"><\/script>\n","protected":false},"excerpt":{"rendered":"<p>Ce site web utilise des cookies. L&rsquo;utilisation que nous faisons des cookies sur notre site web a pour but d&rsquo;am\u00e9liorer votre exp\u00e9rience d&rsquo;utilisateur, en personnalisant les contenus et les actions de diffusion de notre activit\u00e9. Par cons\u00e9quent, nous pouvons partager des informations sur l&rsquo;utilisation du site Web avec des partenaires de m\u00e9dias sociaux ou toute [&hellip;]<\/p>\n","protected":false},"author":1,"featured_media":0,"parent":0,"menu_order":0,"comment_status":"closed","ping_status":"closed","template":"","meta":{"_acf_changed":false,"inline_featured_image":false,"footnotes":""},"class_list":["post-16160","page","type-page","status-publish","hentry"],"acf":[],"yoast_head":"<!-- This site is optimized with the Yoast SEO plugin v27.4 - https:\/\/yoast.com\/product\/yoast-seo-wordpress\/ -->\n<title>Politique en mati\u00e8re de cookies - FAIN GLOBAL<\/title>\n<meta name=\"description\" content=\"L&#039;utilisation de cookies sur notre site a pour but d&#039;am\u00e9liorer votre exp\u00e9rience d&#039;utilisateur. D\u00e9couvrez notre politique.\" \/>\n<meta name=\"robots\" content=\"index, follow, max-snippet:-1, max-image-preview:large, max-video-preview:-1\" \/>\n<link rel=\"canonical\" href=\"https:\/\/fain-elevators.com\/fr\/politique-en-matiere-de-cookies\/\" \/>\n<meta property=\"og:locale\" content=\"fr_FR\" \/>\n<meta property=\"og:type\" content=\"article\" \/>\n<meta property=\"og:title\" content=\"Politique en mati\u00e8re de cookies - FAIN GLOBAL\" \/>\n<meta property=\"og:description\" content=\"L&#039;utilisation de cookies sur notre site a pour but d&#039;am\u00e9liorer votre exp\u00e9rience d&#039;utilisateur. D\u00e9couvrez notre politique.\" \/>\n<meta property=\"og:url\" content=\"https:\/\/fain-elevators.com\/fr\/politique-en-matiere-de-cookies\/\" \/>\n<meta property=\"og:site_name\" content=\"FAIN GLOBAL\" \/>\n<meta property=\"article:modified_time\" content=\"2026-01-27T15:05:09+00:00\" \/>\n<meta name=\"twitter:card\" content=\"summary_large_image\" \/>\n<meta name=\"twitter:label1\" content=\"Dur\u00e9e de lecture estim\u00e9e\" \/>\n\t<meta name=\"twitter:data1\" content=\"3 minutes\" \/>\n<script type=\"application\/ld+json\" class=\"yoast-schema-graph\">{\"@context\":\"https:\\\/\\\/schema.org\",\"@graph\":[{\"@type\":\"WebPage\",\"@id\":\"https:\\\/\\\/fain-elevators.com\\\/fr\\\/politique-en-matiere-de-cookies\\\/\",\"url\":\"https:\\\/\\\/fain-elevators.com\\\/fr\\\/politique-en-matiere-de-cookies\\\/\",\"name\":\"Politique en mati\u00e8re de cookies - FAIN GLOBAL\",\"isPartOf\":{\"@id\":\"https:\\\/\\\/fain-elevators.com\\\/fr\\\/#website\"},\"datePublished\":\"2020-09-29T08:32:18+00:00\",\"dateModified\":\"2026-01-27T15:05:09+00:00\",\"description\":\"L'utilisation de cookies sur notre site a pour but d'am\u00e9liorer votre exp\u00e9rience d'utilisateur. D\u00e9couvrez notre politique.\",\"breadcrumb\":{\"@id\":\"https:\\\/\\\/fain-elevators.com\\\/fr\\\/politique-en-matiere-de-cookies\\\/#breadcrumb\"},\"inLanguage\":\"fr-FR\",\"potentialAction\":[{\"@type\":\"ReadAction\",\"target\":[\"https:\\\/\\\/fain-elevators.com\\\/fr\\\/politique-en-matiere-de-cookies\\\/\"]}]},{\"@type\":\"BreadcrumbList\",\"@id\":\"https:\\\/\\\/fain-elevators.com\\\/fr\\\/politique-en-matiere-de-cookies\\\/#breadcrumb\",\"itemListElement\":[{\"@type\":\"ListItem\",\"position\":1,\"name\":\"Portada\",\"item\":\"https:\\\/\\\/fain-elevators.com\\\/fr\\\/\"},{\"@type\":\"ListItem\",\"position\":2,\"name\":\"Politique en mati\u00e8re de cookies\"}]},{\"@type\":\"WebSite\",\"@id\":\"https:\\\/\\\/fain-elevators.com\\\/fr\\\/#website\",\"url\":\"https:\\\/\\\/fain-elevators.com\\\/fr\\\/\",\"name\":\"FAIN\",\"description\":\"\",\"publisher\":{\"@id\":\"https:\\\/\\\/fain-elevators.com\\\/fr\\\/#organization\"},\"potentialAction\":[{\"@type\":\"SearchAction\",\"target\":{\"@type\":\"EntryPoint\",\"urlTemplate\":\"https:\\\/\\\/fain-elevators.com\\\/fr\\\/?s={search_term_string}\"},\"query-input\":{\"@type\":\"PropertyValueSpecification\",\"valueRequired\":true,\"valueName\":\"search_term_string\"}}],\"inLanguage\":\"fr-FR\"},{\"@type\":\"Organization\",\"@id\":\"https:\\\/\\\/fain-elevators.com\\\/fr\\\/#organization\",\"name\":\"FAIN\",\"url\":\"https:\\\/\\\/fain-elevators.com\\\/fr\\\/\",\"logo\":{\"@type\":\"ImageObject\",\"inLanguage\":\"fr-FR\",\"@id\":\"https:\\\/\\\/fain-elevators.com\\\/fr\\\/#\\\/schema\\\/logo\\\/image\\\/\",\"url\":\"https:\\\/\\\/fain-elevators.com\\\/wp-content\\\/uploads\\\/sites\\\/5\\\/2022\\\/07\\\/fain-logo.svg\",\"contentUrl\":\"https:\\\/\\\/fain-elevators.com\\\/wp-content\\\/uploads\\\/sites\\\/5\\\/2022\\\/07\\\/fain-logo.svg\",\"width\":130,\"height\":130,\"caption\":\"FAIN\"},\"image\":{\"@id\":\"https:\\\/\\\/fain-elevators.com\\\/fr\\\/#\\\/schema\\\/logo\\\/image\\\/\"}}]}<\/script>\n<!-- \/ Yoast SEO plugin. -->","yoast_head_json":{"title":"Politique en mati\u00e8re de cookies - FAIN GLOBAL","description":"L'utilisation de cookies sur notre site a pour but d'am\u00e9liorer votre exp\u00e9rience d'utilisateur. D\u00e9couvrez notre politique.","robots":{"index":"index","follow":"follow","max-snippet":"max-snippet:-1","max-image-preview":"max-image-preview:large","max-video-preview":"max-video-preview:-1"},"canonical":"https:\/\/fain-elevators.com\/fr\/politique-en-matiere-de-cookies\/","og_locale":"fr_FR","og_type":"article","og_title":"Politique en mati\u00e8re de cookies - FAIN GLOBAL","og_description":"L'utilisation de cookies sur notre site a pour but d'am\u00e9liorer votre exp\u00e9rience d'utilisateur. D\u00e9couvrez notre politique.","og_url":"https:\/\/fain-elevators.com\/fr\/politique-en-matiere-de-cookies\/","og_site_name":"FAIN GLOBAL","article_modified_time":"2026-01-27T15:05:09+00:00","twitter_card":"summary_large_image","twitter_misc":{"Dur\u00e9e de lecture estim\u00e9e":"3 minutes"},"schema":{"@context":"https:\/\/schema.org","@graph":[{"@type":"WebPage","@id":"https:\/\/fain-elevators.com\/fr\/politique-en-matiere-de-cookies\/","url":"https:\/\/fain-elevators.com\/fr\/politique-en-matiere-de-cookies\/","name":"Politique en mati\u00e8re de cookies - FAIN GLOBAL","isPartOf":{"@id":"https:\/\/fain-elevators.com\/fr\/#website"},"datePublished":"2020-09-29T08:32:18+00:00","dateModified":"2026-01-27T15:05:09+00:00","description":"L'utilisation de cookies sur notre site a pour but d'am\u00e9liorer votre exp\u00e9rience d'utilisateur. D\u00e9couvrez notre politique.","breadcrumb":{"@id":"https:\/\/fain-elevators.com\/fr\/politique-en-matiere-de-cookies\/#breadcrumb"},"inLanguage":"fr-FR","potentialAction":[{"@type":"ReadAction","target":["https:\/\/fain-elevators.com\/fr\/politique-en-matiere-de-cookies\/"]}]},{"@type":"BreadcrumbList","@id":"https:\/\/fain-elevators.com\/fr\/politique-en-matiere-de-cookies\/#breadcrumb","itemListElement":[{"@type":"ListItem","position":1,"name":"Portada","item":"https:\/\/fain-elevators.com\/fr\/"},{"@type":"ListItem","position":2,"name":"Politique en mati\u00e8re de cookies"}]},{"@type":"WebSite","@id":"https:\/\/fain-elevators.com\/fr\/#website","url":"https:\/\/fain-elevators.com\/fr\/","name":"FAIN","description":"","publisher":{"@id":"https:\/\/fain-elevators.com\/fr\/#organization"},"potentialAction":[{"@type":"SearchAction","target":{"@type":"EntryPoint","urlTemplate":"https:\/\/fain-elevators.com\/fr\/?s={search_term_string}"},"query-input":{"@type":"PropertyValueSpecification","valueRequired":true,"valueName":"search_term_string"}}],"inLanguage":"fr-FR"},{"@type":"Organization","@id":"https:\/\/fain-elevators.com\/fr\/#organization","name":"FAIN","url":"https:\/\/fain-elevators.com\/fr\/","logo":{"@type":"ImageObject","inLanguage":"fr-FR","@id":"https:\/\/fain-elevators.com\/fr\/#\/schema\/logo\/image\/","url":"https:\/\/fain-elevators.com\/wp-content\/uploads\/sites\/5\/2022\/07\/fain-logo.svg","contentUrl":"https:\/\/fain-elevators.com\/wp-content\/uploads\/sites\/5\/2022\/07\/fain-logo.svg","width":130,"height":130,"caption":"FAIN"},"image":{"@id":"https:\/\/fain-elevators.com\/fr\/#\/schema\/logo\/image\/"}}]}},"_links":{"self":[{"href":"https:\/\/fain-elevators.com\/fr\/wp-json\/wp\/v2\/pages\/16160","targetHints":{"allow":["GET"]}}],"collection":[{"href":"https:\/\/fain-elevators.com\/fr\/wp-json\/wp\/v2\/pages"}],"about":[{"href":"https:\/\/fain-elevators.com\/fr\/wp-json\/wp\/v2\/types\/page"}],"author":[{"embeddable":true,"href":"https:\/\/fain-elevators.com\/fr\/wp-json\/wp\/v2\/users\/1"}],"replies":[{"embeddable":true,"href":"https:\/\/fain-elevators.com\/fr\/wp-json\/wp\/v2\/comments?post=16160"}],"version-history":[{"count":2,"href":"https:\/\/fain-elevators.com\/fr\/wp-json\/wp\/v2\/pages\/16160\/revisions"}],"predecessor-version":[{"id":16162,"href":"https:\/\/fain-elevators.com\/fr\/wp-json\/wp\/v2\/pages\/16160\/revisions\/16162"}],"wp:attachment":[{"href":"https:\/\/fain-elevators.com\/fr\/wp-json\/wp\/v2\/media?parent=16160"}],"curies":[{"name":"wp","href":"https:\/\/api.w.org\/{rel}","templated":true}]}}