{"id":16153,"date":"2020-08-06T15:18:57","date_gmt":"2020-08-06T13:18:57","guid":{"rendered":"https:\/\/fain-elevators.com\/avis-juridique\/"},"modified":"2026-01-27T16:05:08","modified_gmt":"2026-01-27T15:05:08","slug":"avis-juridique","status":"publish","type":"page","link":"https:\/\/fain-elevators.com\/fr\/avis-juridique\/","title":{"rendered":"Avis juridique"},"content":{"rendered":"\n<h4 class=\"has-text-align-left wp-block-heading\" id=\"identifying-details\"><strong><br\/>D\u00e9tails d&rsquo;identification<\/strong><\/h4>\n\n<p class=\"has-text-align-left\">Conform\u00e9ment \u00e0 l&rsquo;obligation d&rsquo;information pr\u00e9vue \u00e0 l&rsquo;article 10 de la loi 34\/2002, du 11 juillet, sur les services de la soci\u00e9t\u00e9 de l&rsquo;information et du commerce \u00e9lectronique, les \u00e9l\u00e9ments suivants sont pris en compte :<\/p>\n\n<p class=\"has-text-align-left\">1. Vous \u00eates en train de visiter le site web http:\/\/www.fainascensores.com\/home.html, propri\u00e9t\u00e9 de FAIN ASCENSORES S.A., dont le si\u00e8ge social est situ\u00e9 C\/DR. Esquerdo 57 (28007) MADRID, dont le num\u00e9ro d&rsquo;identification fiscale est A28303485, et inscrite au registre du commerce de Madrid, volume 2 923 g\u00e9n\u00e9ral 2 238, section 3 des soci\u00e9t\u00e9s, folio 121, feuille 20 464, entr\u00e9e 1a, ci-apr\u00e8s, le PROPRI\u00c9TAIRE. <\/p>\n\n<p class=\"has-text-align-left\">Vous pouvez contacter le PROPRI\u00c9TAIRE par l&rsquo;un des moyens suivants :<\/p>\n\n<p class=\"has-text-align-left\">T\u00e9l\u00e9phone : <a href=\"https:\/\/fain.es\/en\/legal-notice\/\">+34 914093101<\/a><\/p>\n\n<p class=\"has-text-align-left\">Courriel de contact : <a href=\"mailto:lopd@fainascensores.com\">lopd@fainascensores.com<\/a><\/p>\n\n<h4 class=\"has-text-align-left wp-block-heading\" id=\"web-hosting-company\"><strong>Soci\u00e9t\u00e9 d&rsquo;h\u00e9bergement web<\/strong><\/h4>\n\n<p class=\"has-text-align-left\">Interoute Iberia S.A.U<br\/>Lezama, 4<br\/>Madrid<br\/>28034<br\/>Tel\u00e9fono : +34 91 515 9680<br\/>info@interoute.es<\/p>\n\n<h4 class=\"has-text-align-left wp-block-heading\" id=\"users\"><strong>Utilisateurs<\/strong><\/h4>\n\n<p class=\"has-text-align-left\">2. Les pr\u00e9sentes conditions g\u00e9n\u00e9rales (ci-apr\u00e8s d\u00e9nomm\u00e9es \u00ab\u00a0mentions l\u00e9gales\u00a0\u00bb) ont pour objet de r\u00e9glementer l&rsquo;utilisation du site web du PROPRI\u00c9TAIRE, qui est mis \u00e0 la disposition du public.<\/p>\n\n<p class=\"has-text-align-left\">L&rsquo;acc\u00e8s et\/ou l&rsquo;utilisation de ce site web attribue le statut d&rsquo;UTILISATEUR et implique l&rsquo;acceptation, par cet acc\u00e8s ou cette utilisation, des conditions g\u00e9n\u00e9rales d&rsquo;utilisation contenues dans le pr\u00e9sent document. Ces conditions s&rsquo;appliquent ind\u00e9pendamment des conditions g\u00e9n\u00e9rales obligatoires du contrat, le cas \u00e9ch\u00e9ant. <\/p>\n\n<h4 class=\"has-text-align-left wp-block-heading\" id=\"use-of-the-website\"><strong>Utilisation du site web<\/strong><\/h4>\n\n<p class=\"has-text-align-left\">3. http:\/\/www.fainascensores.com\/home.html donne acc\u00e8s \u00e0 un large \u00e9ventail d&rsquo;informations, de services, de programmes et de donn\u00e9es (ci-apr\u00e8s d\u00e9nomm\u00e9s \u00ab\u00a0le contenu\u00a0\u00bb) sur Internet, qui sont la propri\u00e9t\u00e9 du PROPRI\u00c9TAIRE ou de ses conc\u00e9dants de licence, et auxquels l&rsquo;UTILISATEUR peut avoir acc\u00e8s.<\/p>\n\n<p class=\"has-text-align-left\">L&rsquo;utilisateur accepte la responsabilit\u00e9 de l&rsquo;utilisation du site web. Cette responsabilit\u00e9 s&rsquo;\u00e9tend \u00e0 l&rsquo;enregistrement qui est n\u00e9cessaire pour acc\u00e9der \u00e0 certains services ou contenus. Lors de l&rsquo;inscription, l&rsquo;utilisateur est tenu de fournir des informations v\u00e9ridiques et l\u00e9gitimes. Apr\u00e8s son inscription, l&rsquo;UTILISATEUR peut se voir attribuer un mot de passe. L&rsquo;UTILISATEUR est responsable de ce mot de passe et s&rsquo;engage \u00e0 l&rsquo;utiliser de mani\u00e8re diligente et confidentielle.    <\/p>\n\n<p class=\"has-text-align-left\">L&rsquo;UTILISATEUR s&rsquo;engage \u00e0 utiliser de mani\u00e8re appropri\u00e9e le contenu et les services (par exemple, les services de chat, les forums de discussion ou les groupes d&rsquo;information) que le PROPRI\u00c9TAIRE propose sur son site web, y compris, mais sans s&rsquo;y limiter, \u00e0 ne pas les utiliser pour :<\/p>\n\n<p class=\"has-text-align-left\">&#8211; exercer une activit\u00e9 ill\u00e9gale, illicite ou contraire \u00e0 la bonne foi et \u00e0 la s\u00e9curit\u00e9 publique<\/p>\n\n<p class=\"has-text-align-left\">&#8211; Diffuser des contenus ou de la propagande \u00e0 caract\u00e8re raciste, x\u00e9nophobe, pornographique ou ill\u00e9gal, ou soutenant le terrorisme ou la violation des droits de l&rsquo;homme.<\/p>\n\n<p class=\"has-text-align-left\">&#8211; causer des dommages aux syst\u00e8mes physiques et logiques de FAIN ASCENSORES S.A., de ses fournisseurs ou de tiers, introduire ou propager des virus informatiques ou tout autre syst\u00e8me physique ou logique capable de causer les dommages susmentionn\u00e9s sur Internet<\/p>\n\n<p class=\"has-text-align-left\">&#8211; essayer d&rsquo;acc\u00e9der et, le cas \u00e9ch\u00e9ant, d&rsquo;utiliser les comptes de courrier \u00e9lectronique d&rsquo;autres UTILISATEURS et de modifier ou de manipuler leurs messages<\/p>\n\n<p class=\"has-text-align-left\">&#8211; Utiliser le site ou les informations qu&rsquo;il contient \u00e0 des fins commerciales, politiques, publicitaires et pour tout usage commercial, notamment pour l&rsquo;envoi de courriers \u00e9lectroniques non sollicit\u00e9s.<\/p>\n\n<p class=\"has-text-align-left\">&#8211; Le propri\u00e9taire se r\u00e9serve le droit de supprimer tous les commentaires et contributions consid\u00e9r\u00e9s comme une atteinte aux droits de l&rsquo;homme, qu&rsquo;ils soient discriminatoires, x\u00e9nophobes, racistes, pornographiques, qu&rsquo;ils portent atteinte aux jeunes, aux enfants, \u00e0 l&rsquo;ordre public ou \u00e0 la s\u00e9curit\u00e9, ou qu&rsquo;ils ne soient pas, de l&rsquo;avis du propri\u00e9taire, appropri\u00e9s \u00e0 la publication.<\/p>\n\n<h4 class=\"has-text-align-left wp-block-heading\" id=\"data-protection\"><strong>Protection des donn\u00e9es<\/strong><\/h4>\n\n<p class=\"has-text-align-left\">4. Tout ce qui concerne la politique de protection des donn\u00e9es est inclus dans le document sur la politique de confidentialit\u00e9.<\/p>\n\n<h4 class=\"has-text-align-left wp-block-heading\" id=\"content-intellectual-and-industrial-property\"><strong>Contenu. Propri\u00e9t\u00e9 intellectuelle et industrielle <\/strong><\/h4>\n\n<p class=\"has-text-align-left\">5. Le PROPRI\u00c9TAIRE est titulaire de tous les droits de propri\u00e9t\u00e9 intellectuelle et industrielle de son site web, ainsi que de son contenu (par exemple, images, sons, audios, vid\u00e9os, logiciels ou textes ; marques ou logotypes, combinaisons de couleurs, structure et conception, s\u00e9lection des mat\u00e9riaux utilis\u00e9s, programmes informatiques n\u00e9cessaires au fonctionnement, \u00e0 l&rsquo;acc\u00e8s et \u00e0 l&rsquo;utilisation du site, etc.<\/p>\n\n<p class=\"has-text-align-left\">Tous droits r\u00e9serv\u00e9s. Conform\u00e9ment aux dispositions des articles 8 et 32.1, paragraphe 2, de la loi sur la propri\u00e9t\u00e9 intellectuelle, toute reproduction, distribution et communication publique, y compris le syst\u00e8me de mise \u00e0 disposition, de tout ou partie du contenu de ce site Web, \u00e0 des fins commerciales, sur n&rsquo;importe quel support et par n&rsquo;importe quel moyen technique, est strictement interdite sans le consentement du PROPRI\u00c9TAIRE. <\/p>\n\n<h4 class=\"has-text-align-left wp-block-heading\" id=\"guarantee-and-liability-disclaimer\"><strong>Garantie et exclusion de responsabilit\u00e9<\/strong><\/h4>\n\n<p class=\"has-text-align-left\">6. L&rsquo;UTILISATEUR reconna\u00eet que l&rsquo;utilisation du site web, de son contenu et de ses services se fait sous sa seule responsabilit\u00e9. En particulier, et \u00e0 titre d&rsquo;exemple, le PROPRI\u00c9TAIRE d\u00e9cline toute responsabilit\u00e9 dans les domaines suivants : <\/p>\n\n<p class=\"has-text-align-left\">a) la disponibilit\u00e9 du fonctionnement du site web, de ses services et de son contenu, ainsi que sa qualit\u00e9 ou son interop\u00e9rabilit\u00e9<\/p>\n\n<p class=\"has-text-align-left\">b) La finalit\u00e9 du site web par rapport aux objectifs de l&rsquo;UTILISATEUR<\/p>\n\n<p class=\"has-text-align-left\">c) la violation de la l\u00e9gislation en vigueur par l&rsquo;UTILISATEUR ou des tiers et, en particulier, des droits de propri\u00e9t\u00e9 intellectuelle et industrielle d\u00e9tenus par d&rsquo;autres personnes ou entit\u00e9s<\/p>\n\n<p class=\"has-text-align-left\">d) L&rsquo;existence de codes malveillants ou de tout autre \u00e9l\u00e9ment informatique nuisible qui pourrait endommager le syst\u00e8me informatique de l&rsquo;UTILISATEUR ou de tiers. Il appartient \u00e0 l&rsquo;UTILISATEUR, en tout \u00e9tat de cause, de disposer d&rsquo;outils ad\u00e9quats pour la d\u00e9tection et la d\u00e9sinfection de ces \u00e9l\u00e9ments. <\/p>\n\n<p class=\"has-text-align-left\">e) l&rsquo;acc\u00e8s frauduleux aux contenus ou aux services par des tiers non autoris\u00e9s ou, le cas \u00e9ch\u00e9ant, la capture, l&rsquo;\u00e9limination, l&rsquo;alt\u00e9ration, la modification ou la manipulation des messages et des communications de toute nature que ces tiers pourraient effectuer<\/p>\n\n<p class=\"has-text-align-left\">f) L&rsquo;exactitude, la v\u00e9racit\u00e9, l&rsquo;actualit\u00e9 et l&rsquo;utilit\u00e9 des contenus et des services propos\u00e9s et l&rsquo;utilisation ult\u00e9rieure qui en est faite par l&rsquo;UTILISATEUR. Le PROPRI\u00c9TAIRE met en \u0153uvre tous les efforts et moyens raisonnables pour fournir des informations actualis\u00e9es et fiables. <\/p>\n\n<p class=\"has-text-align-left\">g) les dommages caus\u00e9s aux \u00e9quipements informatiques lors de l&rsquo;acc\u00e8s au site web et les dommages caus\u00e9s aux UTILISATEURS lorsqu&rsquo;ils r\u00e9sultent de d\u00e9faillances ou de d\u00e9connexions des r\u00e9seaux de t\u00e9l\u00e9communications qui interrompent le service<\/p>\n\n<p class=\"has-text-align-left\">h) Dommages r\u00e9sultant de circonstances impr\u00e9visibles ou d&rsquo;une force irr\u00e9sistible<\/p>\n\n<p class=\"has-text-align-left\">S&rsquo;il existe des forums, l&rsquo;utilisation des m\u00eames espaces ou d&rsquo;espaces similaires, il faut tenir compte du fait que les messages refl\u00e8tent uniquement l&rsquo;opinion de l&rsquo;UTILISATEUR qui les envoie, qui en est le seul responsable. Le PROPRI\u00c9TAIRE n&rsquo;est pas responsable du contenu des messages envoy\u00e9s par l&rsquo;UTILISATEUR. <\/p>\n\n<h4 class=\"has-text-align-left wp-block-heading\" id=\"modification-of-this-legal-notice-and-duration\"><strong>Modification du pr\u00e9sent avis juridique et dur\u00e9e<\/strong><\/h4>\n\n<p class=\"has-text-align-left\">7. Le PROPRI\u00c9TAIRE se r\u00e9serve le droit d&rsquo;apporter sans pr\u00e9avis les modifications qu&rsquo;il juge opportunes \u00e0 son portail, en pouvant changer, supprimer ou ajouter autant de contenus et de services fournis par son interm\u00e9diaire que la fa\u00e7on dont ils sont repr\u00e9sent\u00e9s ou situ\u00e9s sur son portail.<\/p>\n\n<p class=\"has-text-align-left\">Les pr\u00e9sentes conditions g\u00e9n\u00e9rales sont valables jusqu&rsquo;\u00e0 la publication de nouvelles conditions qui les modifient.<\/p>\n\n<h4 class=\"has-text-align-left wp-block-heading\" id=\"links\"><strong>Liens<\/strong><\/h4>\n\n<p class=\"has-text-align-left\">Si http:\/\/www.fainascensores.com\/home.html fournit des liens ou des hyperliens vers d&rsquo;autres sites Internet, le PROPRI\u00c9TAIRE n&rsquo;aura aucun contr\u00f4le sur ces sites ou leur contenu. En aucun cas, le PROPRI\u00c9TAIRE n&rsquo;assumera la responsabilit\u00e9 du contenu d&rsquo;un lien appartenant \u00e0 un site Internet ext\u00e9rieur, ni ne garantira la disponibilit\u00e9 technique, la qualit\u00e9, la fiabilit\u00e9, l&rsquo;exactitude, la port\u00e9e, la v\u00e9racit\u00e9, la validit\u00e9 ou la constitutionnalit\u00e9 de tout mat\u00e9riel ou information contenu dans ces hyperliens ou dans d&rsquo;autres sites Internet. De m\u00eame, la pr\u00e9sence de ces liens externes sur le site web n&rsquo;implique aucune forme d&rsquo;association, de fusion ou de participation avec les entit\u00e9s li\u00e9es. <\/p>\n\n<h4 class=\"has-text-align-left wp-block-heading\" id=\"rights-of-exclusion\"><strong>Droits d&rsquo;exclusion<\/strong><\/h4>\n\n<p class=\"has-text-align-left\">9. Le PROPRI\u00c9TAIRE se r\u00e9serve le droit de refuser ou de retirer l&rsquo;acc\u00e8s \u00e0 son site web et\/ou aux services offerts, sans n\u00e9cessit\u00e9 de pr\u00e9avis, \u00e0 sa propre demande ou \u00e0 celle d&rsquo;un tiers, aux utilisateurs qui ne respectent pas les conditions g\u00e9n\u00e9rales et les termes du pr\u00e9sent document.<\/p>\n\n<h4 class=\"has-text-align-left wp-block-heading\" id=\"generalities\"><strong>G\u00e9n\u00e9ralit\u00e9s<\/strong><\/h4>\n\n<p class=\"has-text-align-left\">10. Le PROPRI\u00c9TAIRE poursuivra tout manquement aux conditions \u00e9nonc\u00e9es dans le pr\u00e9sent document ainsi que toute utilisation abusive de son site web en engageant toute action civile ou p\u00e9nale qui lui serait l\u00e9galement permise.<\/p>\n\n<h4 class=\"has-text-align-left wp-block-heading\" id=\"applicable-law-and-jurisdiction\"><strong>Droit applicable et juridiction<\/strong><\/h4>\n\n<p class=\"has-text-align-left\">11. Les relations entre le PROPRI\u00c9TAIRE et l&rsquo;UTILISATEUR sont r\u00e9gies par la r\u00e9glementation espagnole en vigueur. Tous les litiges et r\u00e9clamations d\u00e9coulant du pr\u00e9sent avis juridique seront r\u00e9solus par les cours et tribunaux espagnols. <\/p>\n\n<h4 class=\"has-text-align-left wp-block-heading\" id=\"minors\"><strong>Mineurs<\/strong><\/h4>\n\n<p class=\"has-text-align-left\">12. http:\/\/www.fainascensores.com\/home.html destine ses services aux utilisateurs de plus de 18 ans. Les enfants de moins de 18 ans ne sont pas autoris\u00e9s \u00e0 utiliser nos services et ne doivent donc pas nous envoyer leurs donn\u00e9es personnelles. Nous vous informons que si une telle circonstance se produit, FAIN ASCENSORES S.A. n&rsquo;est pas responsable des \u00e9ventuelles cons\u00e9quences pouvant d\u00e9couler du non-respect de l&rsquo;avis \u00e9tabli dans cette m\u00eame clause. <\/p>\n","protected":false},"excerpt":{"rendered":"<p>D\u00e9tails d&rsquo;identification Conform\u00e9ment \u00e0 l&rsquo;obligation d&rsquo;information pr\u00e9vue \u00e0 l&rsquo;article 10 de la loi 34\/2002, du 11 juillet, sur les services de la soci\u00e9t\u00e9 de l&rsquo;information et du commerce \u00e9lectronique, les \u00e9l\u00e9ments suivants sont pris en compte : 1. Vous \u00eates en train de visiter le site web http:\/\/www.fainascensores.com\/home.html, propri\u00e9t\u00e9 de FAIN ASCENSORES S.A., dont le [&hellip;]<\/p>\n","protected":false},"author":1,"featured_media":0,"parent":0,"menu_order":0,"comment_status":"closed","ping_status":"closed","template":"","meta":{"_acf_changed":false,"inline_featured_image":false,"footnotes":""},"class_list":["post-16153","page","type-page","status-publish","hentry"],"acf":[],"yoast_head":"<!-- This site is optimized with the Yoast SEO plugin v27.4 - https:\/\/yoast.com\/product\/yoast-seo-wordpress\/ -->\n<title>Avis juridique sobre la p\u00e1gina web de FAIN GLOBAL.<\/title>\n<meta name=\"description\" content=\"Conform\u00e9ment au devoir d&#039;information de l&#039;article 10 de la loi 34\/2002, du 11 juillet, les donn\u00e9es suivantes sont refl\u00e9t\u00e9es ci-dessous.\" \/>\n<meta name=\"robots\" content=\"index, follow, max-snippet:-1, max-image-preview:large, max-video-preview:-1\" \/>\n<link rel=\"canonical\" href=\"https:\/\/fain-elevators.com\/fr\/avis-juridique\/\" \/>\n<meta property=\"og:locale\" content=\"fr_FR\" \/>\n<meta property=\"og:type\" content=\"article\" \/>\n<meta property=\"og:title\" content=\"Avis juridique sobre la p\u00e1gina web de FAIN GLOBAL.\" \/>\n<meta property=\"og:description\" content=\"Conform\u00e9ment au devoir d&#039;information de l&#039;article 10 de la loi 34\/2002, du 11 juillet, les donn\u00e9es suivantes sont refl\u00e9t\u00e9es ci-dessous.\" \/>\n<meta property=\"og:url\" content=\"https:\/\/fain-elevators.com\/fr\/avis-juridique\/\" \/>\n<meta property=\"og:site_name\" content=\"FAIN GLOBAL\" \/>\n<meta property=\"article:modified_time\" content=\"2026-01-27T15:05:08+00:00\" \/>\n<meta name=\"twitter:card\" content=\"summary_large_image\" \/>\n<meta name=\"twitter:label1\" content=\"Dur\u00e9e de lecture estim\u00e9e\" \/>\n\t<meta name=\"twitter:data1\" content=\"8 minutes\" \/>\n<script type=\"application\/ld+json\" class=\"yoast-schema-graph\">{\"@context\":\"https:\\\/\\\/schema.org\",\"@graph\":[{\"@type\":\"WebPage\",\"@id\":\"https:\\\/\\\/fain-elevators.com\\\/fr\\\/avis-juridique\\\/\",\"url\":\"https:\\\/\\\/fain-elevators.com\\\/fr\\\/avis-juridique\\\/\",\"name\":\"Avis juridique sobre la p\u00e1gina web de FAIN GLOBAL.\",\"isPartOf\":{\"@id\":\"https:\\\/\\\/fain-elevators.com\\\/fr\\\/#website\"},\"datePublished\":\"2020-08-06T13:18:57+00:00\",\"dateModified\":\"2026-01-27T15:05:08+00:00\",\"description\":\"Conform\u00e9ment au devoir d'information de l'article 10 de la loi 34\\\/2002, du 11 juillet, les donn\u00e9es suivantes sont refl\u00e9t\u00e9es ci-dessous.\",\"breadcrumb\":{\"@id\":\"https:\\\/\\\/fain-elevators.com\\\/fr\\\/avis-juridique\\\/#breadcrumb\"},\"inLanguage\":\"fr-FR\",\"potentialAction\":[{\"@type\":\"ReadAction\",\"target\":[\"https:\\\/\\\/fain-elevators.com\\\/fr\\\/avis-juridique\\\/\"]}]},{\"@type\":\"BreadcrumbList\",\"@id\":\"https:\\\/\\\/fain-elevators.com\\\/fr\\\/avis-juridique\\\/#breadcrumb\",\"itemListElement\":[{\"@type\":\"ListItem\",\"position\":1,\"name\":\"Portada\",\"item\":\"https:\\\/\\\/fain-elevators.com\\\/fr\\\/\"},{\"@type\":\"ListItem\",\"position\":2,\"name\":\"Avis juridique\"}]},{\"@type\":\"WebSite\",\"@id\":\"https:\\\/\\\/fain-elevators.com\\\/fr\\\/#website\",\"url\":\"https:\\\/\\\/fain-elevators.com\\\/fr\\\/\",\"name\":\"FAIN\",\"description\":\"\",\"publisher\":{\"@id\":\"https:\\\/\\\/fain-elevators.com\\\/fr\\\/#organization\"},\"potentialAction\":[{\"@type\":\"SearchAction\",\"target\":{\"@type\":\"EntryPoint\",\"urlTemplate\":\"https:\\\/\\\/fain-elevators.com\\\/fr\\\/?s={search_term_string}\"},\"query-input\":{\"@type\":\"PropertyValueSpecification\",\"valueRequired\":true,\"valueName\":\"search_term_string\"}}],\"inLanguage\":\"fr-FR\"},{\"@type\":\"Organization\",\"@id\":\"https:\\\/\\\/fain-elevators.com\\\/fr\\\/#organization\",\"name\":\"FAIN\",\"url\":\"https:\\\/\\\/fain-elevators.com\\\/fr\\\/\",\"logo\":{\"@type\":\"ImageObject\",\"inLanguage\":\"fr-FR\",\"@id\":\"https:\\\/\\\/fain-elevators.com\\\/fr\\\/#\\\/schema\\\/logo\\\/image\\\/\",\"url\":\"https:\\\/\\\/fain-elevators.com\\\/wp-content\\\/uploads\\\/sites\\\/5\\\/2022\\\/07\\\/fain-logo.svg\",\"contentUrl\":\"https:\\\/\\\/fain-elevators.com\\\/wp-content\\\/uploads\\\/sites\\\/5\\\/2022\\\/07\\\/fain-logo.svg\",\"width\":130,\"height\":130,\"caption\":\"FAIN\"},\"image\":{\"@id\":\"https:\\\/\\\/fain-elevators.com\\\/fr\\\/#\\\/schema\\\/logo\\\/image\\\/\"}}]}<\/script>\n<!-- \/ Yoast SEO plugin. -->","yoast_head_json":{"title":"Avis juridique sobre la p\u00e1gina web de FAIN GLOBAL.","description":"Conform\u00e9ment au devoir d'information de l'article 10 de la loi 34\/2002, du 11 juillet, les donn\u00e9es suivantes sont refl\u00e9t\u00e9es ci-dessous.","robots":{"index":"index","follow":"follow","max-snippet":"max-snippet:-1","max-image-preview":"max-image-preview:large","max-video-preview":"max-video-preview:-1"},"canonical":"https:\/\/fain-elevators.com\/fr\/avis-juridique\/","og_locale":"fr_FR","og_type":"article","og_title":"Avis juridique sobre la p\u00e1gina web de FAIN GLOBAL.","og_description":"Conform\u00e9ment au devoir d'information de l'article 10 de la loi 34\/2002, du 11 juillet, les donn\u00e9es suivantes sont refl\u00e9t\u00e9es ci-dessous.","og_url":"https:\/\/fain-elevators.com\/fr\/avis-juridique\/","og_site_name":"FAIN GLOBAL","article_modified_time":"2026-01-27T15:05:08+00:00","twitter_card":"summary_large_image","twitter_misc":{"Dur\u00e9e de lecture estim\u00e9e":"8 minutes"},"schema":{"@context":"https:\/\/schema.org","@graph":[{"@type":"WebPage","@id":"https:\/\/fain-elevators.com\/fr\/avis-juridique\/","url":"https:\/\/fain-elevators.com\/fr\/avis-juridique\/","name":"Avis juridique sobre la p\u00e1gina web de FAIN GLOBAL.","isPartOf":{"@id":"https:\/\/fain-elevators.com\/fr\/#website"},"datePublished":"2020-08-06T13:18:57+00:00","dateModified":"2026-01-27T15:05:08+00:00","description":"Conform\u00e9ment au devoir d'information de l'article 10 de la loi 34\/2002, du 11 juillet, les donn\u00e9es suivantes sont refl\u00e9t\u00e9es ci-dessous.","breadcrumb":{"@id":"https:\/\/fain-elevators.com\/fr\/avis-juridique\/#breadcrumb"},"inLanguage":"fr-FR","potentialAction":[{"@type":"ReadAction","target":["https:\/\/fain-elevators.com\/fr\/avis-juridique\/"]}]},{"@type":"BreadcrumbList","@id":"https:\/\/fain-elevators.com\/fr\/avis-juridique\/#breadcrumb","itemListElement":[{"@type":"ListItem","position":1,"name":"Portada","item":"https:\/\/fain-elevators.com\/fr\/"},{"@type":"ListItem","position":2,"name":"Avis juridique"}]},{"@type":"WebSite","@id":"https:\/\/fain-elevators.com\/fr\/#website","url":"https:\/\/fain-elevators.com\/fr\/","name":"FAIN","description":"","publisher":{"@id":"https:\/\/fain-elevators.com\/fr\/#organization"},"potentialAction":[{"@type":"SearchAction","target":{"@type":"EntryPoint","urlTemplate":"https:\/\/fain-elevators.com\/fr\/?s={search_term_string}"},"query-input":{"@type":"PropertyValueSpecification","valueRequired":true,"valueName":"search_term_string"}}],"inLanguage":"fr-FR"},{"@type":"Organization","@id":"https:\/\/fain-elevators.com\/fr\/#organization","name":"FAIN","url":"https:\/\/fain-elevators.com\/fr\/","logo":{"@type":"ImageObject","inLanguage":"fr-FR","@id":"https:\/\/fain-elevators.com\/fr\/#\/schema\/logo\/image\/","url":"https:\/\/fain-elevators.com\/wp-content\/uploads\/sites\/5\/2022\/07\/fain-logo.svg","contentUrl":"https:\/\/fain-elevators.com\/wp-content\/uploads\/sites\/5\/2022\/07\/fain-logo.svg","width":130,"height":130,"caption":"FAIN"},"image":{"@id":"https:\/\/fain-elevators.com\/fr\/#\/schema\/logo\/image\/"}}]}},"_links":{"self":[{"href":"https:\/\/fain-elevators.com\/fr\/wp-json\/wp\/v2\/pages\/16153","targetHints":{"allow":["GET"]}}],"collection":[{"href":"https:\/\/fain-elevators.com\/fr\/wp-json\/wp\/v2\/pages"}],"about":[{"href":"https:\/\/fain-elevators.com\/fr\/wp-json\/wp\/v2\/types\/page"}],"author":[{"embeddable":true,"href":"https:\/\/fain-elevators.com\/fr\/wp-json\/wp\/v2\/users\/1"}],"replies":[{"embeddable":true,"href":"https:\/\/fain-elevators.com\/fr\/wp-json\/wp\/v2\/comments?post=16153"}],"version-history":[{"count":2,"href":"https:\/\/fain-elevators.com\/fr\/wp-json\/wp\/v2\/pages\/16153\/revisions"}],"predecessor-version":[{"id":16156,"href":"https:\/\/fain-elevators.com\/fr\/wp-json\/wp\/v2\/pages\/16153\/revisions\/16156"}],"wp:attachment":[{"href":"https:\/\/fain-elevators.com\/fr\/wp-json\/wp\/v2\/media?parent=16153"}],"curies":[{"name":"wp","href":"https:\/\/api.w.org\/{rel}","templated":true}]}}