{"id":15517,"date":"2020-08-06T15:18:57","date_gmt":"2020-08-06T13:18:57","guid":{"rendered":"https:\/\/fain-elevators.com\/aviso-legal\/"},"modified":"2026-01-27T16:05:31","modified_gmt":"2026-01-27T15:05:31","slug":"aviso-legal","status":"publish","type":"page","link":"https:\/\/fain-elevators.com\/es\/aviso-legal\/","title":{"rendered":"Aviso legal"},"content":{"rendered":"\n<h4 class=\"has-text-align-left wp-block-heading\" id=\"identifying-details\"><strong><br\/>Detalles identificativos<\/strong><\/h4>\n\n<p class=\"has-text-align-left\">En cumplimiento del deber de informaci\u00f3n recogido en el art\u00edculo 10 de la Ley 34\/2002, de 11 de julio, de Servicios de la Sociedad de la Informaci\u00f3n y de Comercio Electr\u00f3nico, a continuaci\u00f3n se reflejan:<\/p>\n\n<p class=\"has-text-align-left\">1. Est\u00e1s visitando el sitio web http:\/\/www.fainascensores.com\/home.html propiedad de FAIN ASCENSORES S.A., con domicilio social en C\/DR. Esquerdo 57 (28007) MADRID, con CIF n\u00famero A28303485, e inscrita en el Registro Mercantil de Madrid, Tomo 2.923 General 2.238, Secci\u00f3n 3\u00aa de sociedades, folio 121, hoja 20.464, inscripci\u00f3n 1a, en adelante, el PROPIETARIO. <\/p>\n\n<p class=\"has-text-align-left\">Puedes ponerte en contacto con el PROPIETARIO por cualquiera de los siguientes medios:<\/p>\n\n<p class=\"has-text-align-left\">Tel\u00e9fono: <a href=\"https:\/\/fain.es\/en\/legal-notice\/\">+34 914093101<\/a><\/p>\n\n<p class=\"has-text-align-left\">Correo electr\u00f3nico de contacto: <a href=\"mailto:lopd@fainascensores.com\">lopd@fainascensores.com<\/a><\/p>\n\n<h4 class=\"has-text-align-left wp-block-heading\" id=\"web-hosting-company\"><strong>Empresa de alojamiento web<\/strong><\/h4>\n\n<p class=\"has-text-align-left\">Interoute Iberia S.A.U<br\/>Lezama, 4<br\/>Madrid<br\/>28034<br\/>Tel\u00e9fono: +34 91 515 9680<br\/>info@interoute.es<\/p>\n\n<h4 class=\"has-text-align-left wp-block-heading\" id=\"users\"><strong>Usuarios<\/strong><\/h4>\n\n<p class=\"has-text-align-left\">2. Las presentes condiciones (en adelante, Aviso Legal) tienen por objeto regular el uso del sitio web del PROPIETARIO, que se pone a disposici\u00f3n del p\u00fablico.<\/p>\n\n<p class=\"has-text-align-left\">El acceso y\/o uso de este sitio web atribuye la condici\u00f3n de USUARIO e implica la aceptaci\u00f3n, con dicho acceso o uso, de las Condiciones Generales de Uso aqu\u00ed contenidas. Estas condiciones se aplicar\u00e1n con independencia de las Condiciones Generales de Contrataci\u00f3n de obligado cumplimiento, en su caso. <\/p>\n\n<h4 class=\"has-text-align-left wp-block-heading\" id=\"use-of-the-website\"><strong>Uso del sitio web<\/strong><\/h4>\n\n<p class=\"has-text-align-left\">3. http:\/\/www.fainascensores.com\/home.html proporciona el acceso a multitud de informaciones, servicios, programas o datos (en adelante, \u00ablos contenidos\u00bb) en Internet pertenecientes al PROPIETARIO o a sus licenciantes, a los que el USUARIO pueda tener acceso.<\/p>\n\n<p class=\"has-text-align-left\">El usuario acepta la responsabilidad por el uso del sitio web. Esta responsabilidad se extiende al registro que fuese necesario para acceder a determinados servicios o contenidos. En dicho registro el USUARIO ser\u00e1 responsable de aportar informaci\u00f3n veraz y l\u00edcita. Tras el registro, al USUARIO se le puede proporcionar una contrase\u00f1a. El USUARIO es responsable de dicha contrase\u00f1a y se compromete a hacer un uso diligente y confidencial de la misma.    <\/p>\n\n<p class=\"has-text-align-left\">El USUARIO se compromete a hacer un uso adecuado de los contenidos y servicios (por ejemplo, servicios de chat, foros de discusi\u00f3n o grupos de noticias) que el PROPIETARIO ofrece a trav\u00e9s de su sitio web, incluyendo, pero no limit\u00e1ndose a, no utilizarlos para:<\/p>\n\n<p class=\"has-text-align-left\">&#8211; Realizar cualquier actividad il\u00edcita, ilegal o contraria a la buena fe y a la seguridad p\u00fablica.<\/p>\n\n<p class=\"has-text-align-left\">&#8211; Difundir contenidos o propaganda de car\u00e1cter racista, xen\u00f3fobo, pornogr\u00e1fico-ilegal o que apoye el terrorismo o la violaci\u00f3n de los derechos humanos.<\/p>\n\n<p class=\"has-text-align-left\">&#8211; Provocar da\u00f1os en los sistemas f\u00edsicos y l\u00f3gicos de FAIN ASCENSORES S.A., de sus proveedores o de terceras personas, introducir o difundir en la red virus inform\u00e1ticos o cualesquiera otros sistemas f\u00edsicos o l\u00f3gicos que sean susceptibles de provocar los da\u00f1os anteriormente mencionados<\/p>\n\n<p class=\"has-text-align-left\">&#8211; Intentar acceder y, en su caso, utilizar las cuentas de correo electr\u00f3nico de otros USUARIOS y modificar o manipular sus mensajes<\/p>\n\n<p class=\"has-text-align-left\">&#8211; Utilizar el sitio web o la informaci\u00f3n contenida en \u00e9l con fines comerciales, pol\u00edticos, publicitarios y para cualquier uso comercial, especialmente en el env\u00edo de correos electr\u00f3nicos no solicitados.<\/p>\n\n<p class=\"has-text-align-left\">&#8211; El PROPIETARIO se reserva el derecho de retirar todos aquellos comentarios y aportaciones que vulneren los derechos humanos, que sean discriminatorios, xen\u00f3fobos, racistas, pornogr\u00e1ficos, que atenten contra la juventud o la infancia, el orden o la seguridad p\u00fablica o que, a su juicio, no resultaran adecuados para su publicaci\u00f3n. En cualquier caso, el PROPIETARIO no ser\u00e1 responsable de las opiniones vertidas por los usuarios a trav\u00e9s de los foros, chats, u otras herramientas de participaci\u00f3n.<\/p>\n\n<h4 class=\"has-text-align-left wp-block-heading\" id=\"data-protection\"><strong>Protecci\u00f3n de datos<\/strong><\/h4>\n\n<p class=\"has-text-align-left\">4. Todo lo relacionado con la pol\u00edtica de protecci\u00f3n de datos est\u00e1 incluido en el documento Pol\u00edtica de privacidad<\/p>\n\n<h4 class=\"has-text-align-left wp-block-heading\" id=\"content-intellectual-and-industrial-property\"><strong>Contenido. Propiedad intelectual e industrial <\/strong><\/h4>\n\n<p class=\"has-text-align-left\">5. El PROPIETARIO es titular de todos los derechos de propiedad intelectual e industrial de su p\u00e1gina web, as\u00ed como de los contenidos de la misma (a t\u00edtulo enunciativo, im\u00e1genes, sonido, audio, v\u00eddeos, software o textos; marcas o logotipos, combinaciones de colores, estructura y dise\u00f1o, selecci\u00f3n de materiales usados, programas de ordenador necesarios para su funcionamiento, acceso y uso, etc.), titularidad del PROPIETARIO o bien de sus licenciantes.<\/p>\n\n<p class=\"has-text-align-left\">Todos los derechos reservados. En virtud de lo dispuesto en los art\u00edculos 8 y 32.1, p\u00e1rrafo segundo, de la Ley de Propiedad Intelectual, quedan prohibidas la reproducci\u00f3n, la distribuci\u00f3n y la comunicaci\u00f3n p\u00fablica, incluida su modalidad de puesta a disposici\u00f3n, de la totalidad o parte de los contenidos de esta p\u00e1gina web, con fines comerciales, en cualquier soporte y por cualquier medio t\u00e9cnico, sin la autorizaci\u00f3n de EL PROPIETARIO. <\/p>\n\n<h4 class=\"has-text-align-left wp-block-heading\" id=\"guarantee-and-liability-disclaimer\"><strong>Garant\u00eda y exenci\u00f3n de responsabilidad<\/strong><\/h4>\n\n<p class=\"has-text-align-left\">6. El USUARIO reconoce que el uso del sitio web y de sus contenidos y servicios se realiza bajo su \u00fanica y exclusiva responsabilidad. En concreto, a t\u00edtulo meramente enunciativo, el PROPIETARIO no asume responsabilidad alguna en los siguientes \u00e1mbitos: <\/p>\n\n<p class=\"has-text-align-left\">a) La disponibilidad del funcionamiento del sitio web, sus servicios y contenidos y su calidad o interoperabilidad.<\/p>\n\n<p class=\"has-text-align-left\">b) La finalidad para la que el sitio web sirve a los objetivos del USUARIO<\/p>\n\n<p class=\"has-text-align-left\">c) La infracci\u00f3n de la legislaci\u00f3n vigente por parte del USUARIO o de terceros y, en particular, de los derechos de propiedad intelectual e industrial titularidad de otras personas o entidades.<\/p>\n\n<p class=\"has-text-align-left\">d) La existencia de c\u00f3digos maliciosos o cualquier otro elemento inform\u00e1tico da\u00f1ino para el sistema inform\u00e1tico del USUARIO o de terceros. Corresponde al USUARIO, en todo caso, disponer de herramientas adecuadas para la detecci\u00f3n y desinfecci\u00f3n de estos elementos. <\/p>\n\n<p class=\"has-text-align-left\">e) El acceso fraudulento a los contenidos o servicios por parte de terceros no autorizados o, en su caso, la captaci\u00f3n, eliminaci\u00f3n, alteraci\u00f3n, modificaci\u00f3n o manipulaci\u00f3n de los mensajes y comunicaciones de cualquier clase que pudieran realizar dichos terceros.<\/p>\n\n<p class=\"has-text-align-left\">f) La exactitud, veracidad, actualidad y utilidad de los contenidos y servicios ofrecidos y la posterior utilizaci\u00f3n de los mismos por parte del USUARIO. El PROPIETARIO emplear\u00e1 todos los esfuerzos y medios razonables para facilitar informaci\u00f3n actualizada y fehaciente <\/p>\n\n<p class=\"has-text-align-left\">g) Los da\u00f1os producidos en los equipos inform\u00e1ticos durante el acceso al sitio web y los da\u00f1os producidos a los USUARIOS cuando tengan su origen en fallos o desconexiones en las redes de telecomunicaciones que interrumpan el servicio.<\/p>\n\n<p class=\"has-text-align-left\">h) Da\u00f1os derivados de circunstancias imprevisibles o de fuerza mayor<\/p>\n\n<p class=\"has-text-align-left\">En caso de que existan foros, el uso de los mismos o espacios similares, debe tenerse en cuenta que los mensajes reflejan \u00fanicamente la opini\u00f3n del USUARIO que los env\u00eda, que es el \u00fanico responsable. El PROPIETARIO no se hace responsable del contenido de los mensajes enviados por el USUARIO. <\/p>\n\n<h4 class=\"has-text-align-left wp-block-heading\" id=\"modification-of-this-legal-notice-and-duration\"><strong>Modificaci\u00f3n de este aviso legal y duraci\u00f3n<\/strong><\/h4>\n\n<p class=\"has-text-align-left\">7. El PROPIETARIO se reserva el derecho de efectuar sin previo aviso las modificaciones que considere oportunas en su portal, pudiendo cambiar, suprimir o a\u00f1adir tanto los contenidos y servicios que se presten a trav\u00e9s de la misma, como la forma en la que \u00e9stos aparezcan representados o localizados en su portal.<\/p>\n\n<p class=\"has-text-align-left\">Las presentes condiciones ser\u00e1n v\u00e1lidas hasta la publicaci\u00f3n de nuevas condiciones que las modifiquen.<\/p>\n\n<h4 class=\"has-text-align-left wp-block-heading\" id=\"links\"><strong>Enlaces<\/strong><\/h4>\n\n<p class=\"has-text-align-left\">En el caso de que en http:\/\/www.fainascensores.com\/home.html se dispusiesen enlaces o hiperv\u00ednculos hac\u00eda otros sitios de Internet, el PROPIETARIO no ejercer\u00e1 ning\u00fan tipo de control sobre dichos sitios y contenidos. En ning\u00fan caso el PROPIETARIO asumir\u00e1 responsabilidad alguna por los contenidos de alg\u00fan enlace perteneciente a un sitio web ajeno, ni garantizar\u00e1 la disponibilidad t\u00e9cnica, calidad, fiabilidad, exactitud, amplitud, veracidad, validez y constitucionalidad de cualquier material o informaci\u00f3n contenida en ninguno de dichos hiperv\u00ednculos u otros sitios de Internet. Igualmente la inclusi\u00f3n de estas conexiones externas en el sitio web no implicar\u00e1 ning\u00fan tipo de asociaci\u00f3n, fusi\u00f3n o participaci\u00f3n con las entidades conectadas. <\/p>\n\n<h4 class=\"has-text-align-left wp-block-heading\" id=\"rights-of-exclusion\"><strong>Derechos de exclusi\u00f3n<\/strong><\/h4>\n\n<p class=\"has-text-align-left\">9. El PROPIETARIO se reserva el derecho a denegar o retirar el acceso a su web y\/o los servicios ofrecidos sin necesidad de preaviso, a instancia propia o de un tercero, a aquellos usuarios que incumplan las Condiciones Generales aqu\u00ed recogidas.<\/p>\n\n<h4 class=\"has-text-align-left wp-block-heading\" id=\"generalities\"><strong>Generalidades<\/strong><\/h4>\n\n<p class=\"has-text-align-left\">10. El PROPIETARIO perseguir\u00e1 el incumplimiento de las presentes condiciones as\u00ed como cualquier utilizaci\u00f3n indebida de su sitio web ejerciendo todas las acciones civiles y penales que le puedan corresponder en derecho.<\/p>\n\n<h4 class=\"has-text-align-left wp-block-heading\" id=\"applicable-law-and-jurisdiction\"><strong>Legislaci\u00f3n y jurisdicci\u00f3n aplicables<\/strong><\/h4>\n\n<p class=\"has-text-align-left\">11. La relaci\u00f3n entre el PROPIETARIO y el USUARIO se regir\u00e1 por la normativa espa\u00f1ola vigente. Todas las controversias y reclamaciones derivadas del presente Aviso Legal ser\u00e1n resueltas por los Juzgados y Tribunales espa\u00f1oles. <\/p>\n\n<h4 class=\"has-text-align-left wp-block-heading\" id=\"minors\"><strong>Menores<\/strong><\/h4>\n\n<p class=\"has-text-align-left\">12. http:\/\/www.fainascensores.com\/home.html dirige sus servicios a usuarios mayores de 18 a\u00f1os Los menores de dicha edad no est\u00e1n autorizados a utilizar nuestros servicios y, por tanto, no deben enviarnos sus datos personales. Informamos que si tal circunstancia se produce, FAIN ASCENSORES S.A. no se hace responsable de las posibles consecuencias que pudieran derivarse del incumplimiento del aviso que en esta misma cl\u00e1usula se establece. <\/p>\n","protected":false},"excerpt":{"rendered":"<p>Detalles identificativos En cumplimiento del deber de informaci\u00f3n recogido en el art\u00edculo 10 de la Ley 34\/2002, de 11 de julio, de Servicios de la Sociedad de la Informaci\u00f3n y de Comercio Electr\u00f3nico, a continuaci\u00f3n se reflejan: 1. Est\u00e1s visitando el sitio web http:\/\/www.fainascensores.com\/home.html propiedad de FAIN ASCENSORES S.A., con domicilio social en C\/DR. Esquerdo [&hellip;]<\/p>\n","protected":false},"author":1,"featured_media":0,"parent":0,"menu_order":0,"comment_status":"closed","ping_status":"closed","template":"","meta":{"_acf_changed":false,"inline_featured_image":false,"footnotes":""},"class_list":["post-15517","page","type-page","status-publish","hentry"],"acf":[],"yoast_head":"<!-- This site is optimized with the Yoast SEO plugin v27.4 - https:\/\/yoast.com\/product\/yoast-seo-wordpress\/ -->\n<title>Aviso legal sobre la p\u00e1gina web de FAIN GLOBAL<\/title>\n<meta name=\"description\" content=\"En cumplimiento del deber de informaci\u00f3n del art\u00edculo 10 de la Ley 34\/2002, de 11 de julio, a continuaci\u00f3n se reflejan los siguientes datos.\" \/>\n<meta name=\"robots\" content=\"index, follow, max-snippet:-1, max-image-preview:large, max-video-preview:-1\" \/>\n<link rel=\"canonical\" href=\"https:\/\/fain-elevators.com\/es\/aviso-legal\/\" \/>\n<meta property=\"og:locale\" content=\"es_ES\" \/>\n<meta property=\"og:type\" content=\"article\" \/>\n<meta property=\"og:title\" content=\"Aviso legal sobre la p\u00e1gina web de FAIN GLOBAL\" \/>\n<meta property=\"og:description\" content=\"En cumplimiento del deber de informaci\u00f3n del art\u00edculo 10 de la Ley 34\/2002, de 11 de julio, a continuaci\u00f3n se reflejan los siguientes datos.\" \/>\n<meta property=\"og:url\" content=\"https:\/\/fain-elevators.com\/es\/aviso-legal\/\" \/>\n<meta property=\"og:site_name\" content=\"FAIN GLOBAL\" \/>\n<meta property=\"article:modified_time\" content=\"2026-01-27T15:05:31+00:00\" \/>\n<meta name=\"twitter:card\" content=\"summary_large_image\" \/>\n<meta name=\"twitter:label1\" content=\"Tiempo de lectura\" \/>\n\t<meta name=\"twitter:data1\" content=\"8 minutos\" \/>\n<script type=\"application\/ld+json\" class=\"yoast-schema-graph\">{\"@context\":\"https:\\\/\\\/schema.org\",\"@graph\":[{\"@type\":\"WebPage\",\"@id\":\"https:\\\/\\\/fain-elevators.com\\\/es\\\/aviso-legal\\\/\",\"url\":\"https:\\\/\\\/fain-elevators.com\\\/es\\\/aviso-legal\\\/\",\"name\":\"Aviso legal sobre la p\u00e1gina web de FAIN GLOBAL\",\"isPartOf\":{\"@id\":\"https:\\\/\\\/fain-elevators.com\\\/es\\\/#website\"},\"datePublished\":\"2020-08-06T13:18:57+00:00\",\"dateModified\":\"2026-01-27T15:05:31+00:00\",\"description\":\"En cumplimiento del deber de informaci\u00f3n del art\u00edculo 10 de la Ley 34\\\/2002, de 11 de julio, a continuaci\u00f3n se reflejan los siguientes datos.\",\"breadcrumb\":{\"@id\":\"https:\\\/\\\/fain-elevators.com\\\/es\\\/aviso-legal\\\/#breadcrumb\"},\"inLanguage\":\"es\",\"potentialAction\":[{\"@type\":\"ReadAction\",\"target\":[\"https:\\\/\\\/fain-elevators.com\\\/es\\\/aviso-legal\\\/\"]}]},{\"@type\":\"BreadcrumbList\",\"@id\":\"https:\\\/\\\/fain-elevators.com\\\/es\\\/aviso-legal\\\/#breadcrumb\",\"itemListElement\":[{\"@type\":\"ListItem\",\"position\":1,\"name\":\"Portada\",\"item\":\"https:\\\/\\\/fain-elevators.com\\\/es\\\/\"},{\"@type\":\"ListItem\",\"position\":2,\"name\":\"Aviso legal\"}]},{\"@type\":\"WebSite\",\"@id\":\"https:\\\/\\\/fain-elevators.com\\\/es\\\/#website\",\"url\":\"https:\\\/\\\/fain-elevators.com\\\/es\\\/\",\"name\":\"FAIN\",\"description\":\"\",\"publisher\":{\"@id\":\"https:\\\/\\\/fain-elevators.com\\\/es\\\/#organization\"},\"potentialAction\":[{\"@type\":\"SearchAction\",\"target\":{\"@type\":\"EntryPoint\",\"urlTemplate\":\"https:\\\/\\\/fain-elevators.com\\\/es\\\/?s={search_term_string}\"},\"query-input\":{\"@type\":\"PropertyValueSpecification\",\"valueRequired\":true,\"valueName\":\"search_term_string\"}}],\"inLanguage\":\"es\"},{\"@type\":\"Organization\",\"@id\":\"https:\\\/\\\/fain-elevators.com\\\/es\\\/#organization\",\"name\":\"FAIN\",\"url\":\"https:\\\/\\\/fain-elevators.com\\\/es\\\/\",\"logo\":{\"@type\":\"ImageObject\",\"inLanguage\":\"es\",\"@id\":\"https:\\\/\\\/fain-elevators.com\\\/es\\\/#\\\/schema\\\/logo\\\/image\\\/\",\"url\":\"https:\\\/\\\/fain-elevators.com\\\/wp-content\\\/uploads\\\/sites\\\/5\\\/2022\\\/07\\\/fain-logo.svg\",\"contentUrl\":\"https:\\\/\\\/fain-elevators.com\\\/wp-content\\\/uploads\\\/sites\\\/5\\\/2022\\\/07\\\/fain-logo.svg\",\"width\":130,\"height\":130,\"caption\":\"FAIN\"},\"image\":{\"@id\":\"https:\\\/\\\/fain-elevators.com\\\/es\\\/#\\\/schema\\\/logo\\\/image\\\/\"}}]}<\/script>\n<!-- \/ Yoast SEO plugin. -->","yoast_head_json":{"title":"Aviso legal sobre la p\u00e1gina web de FAIN GLOBAL","description":"En cumplimiento del deber de informaci\u00f3n del art\u00edculo 10 de la Ley 34\/2002, de 11 de julio, a continuaci\u00f3n se reflejan los siguientes datos.","robots":{"index":"index","follow":"follow","max-snippet":"max-snippet:-1","max-image-preview":"max-image-preview:large","max-video-preview":"max-video-preview:-1"},"canonical":"https:\/\/fain-elevators.com\/es\/aviso-legal\/","og_locale":"es_ES","og_type":"article","og_title":"Aviso legal sobre la p\u00e1gina web de FAIN GLOBAL","og_description":"En cumplimiento del deber de informaci\u00f3n del art\u00edculo 10 de la Ley 34\/2002, de 11 de julio, a continuaci\u00f3n se reflejan los siguientes datos.","og_url":"https:\/\/fain-elevators.com\/es\/aviso-legal\/","og_site_name":"FAIN GLOBAL","article_modified_time":"2026-01-27T15:05:31+00:00","twitter_card":"summary_large_image","twitter_misc":{"Tiempo de lectura":"8 minutos"},"schema":{"@context":"https:\/\/schema.org","@graph":[{"@type":"WebPage","@id":"https:\/\/fain-elevators.com\/es\/aviso-legal\/","url":"https:\/\/fain-elevators.com\/es\/aviso-legal\/","name":"Aviso legal sobre la p\u00e1gina web de FAIN GLOBAL","isPartOf":{"@id":"https:\/\/fain-elevators.com\/es\/#website"},"datePublished":"2020-08-06T13:18:57+00:00","dateModified":"2026-01-27T15:05:31+00:00","description":"En cumplimiento del deber de informaci\u00f3n del art\u00edculo 10 de la Ley 34\/2002, de 11 de julio, a continuaci\u00f3n se reflejan los siguientes datos.","breadcrumb":{"@id":"https:\/\/fain-elevators.com\/es\/aviso-legal\/#breadcrumb"},"inLanguage":"es","potentialAction":[{"@type":"ReadAction","target":["https:\/\/fain-elevators.com\/es\/aviso-legal\/"]}]},{"@type":"BreadcrumbList","@id":"https:\/\/fain-elevators.com\/es\/aviso-legal\/#breadcrumb","itemListElement":[{"@type":"ListItem","position":1,"name":"Portada","item":"https:\/\/fain-elevators.com\/es\/"},{"@type":"ListItem","position":2,"name":"Aviso legal"}]},{"@type":"WebSite","@id":"https:\/\/fain-elevators.com\/es\/#website","url":"https:\/\/fain-elevators.com\/es\/","name":"FAIN","description":"","publisher":{"@id":"https:\/\/fain-elevators.com\/es\/#organization"},"potentialAction":[{"@type":"SearchAction","target":{"@type":"EntryPoint","urlTemplate":"https:\/\/fain-elevators.com\/es\/?s={search_term_string}"},"query-input":{"@type":"PropertyValueSpecification","valueRequired":true,"valueName":"search_term_string"}}],"inLanguage":"es"},{"@type":"Organization","@id":"https:\/\/fain-elevators.com\/es\/#organization","name":"FAIN","url":"https:\/\/fain-elevators.com\/es\/","logo":{"@type":"ImageObject","inLanguage":"es","@id":"https:\/\/fain-elevators.com\/es\/#\/schema\/logo\/image\/","url":"https:\/\/fain-elevators.com\/wp-content\/uploads\/sites\/5\/2022\/07\/fain-logo.svg","contentUrl":"https:\/\/fain-elevators.com\/wp-content\/uploads\/sites\/5\/2022\/07\/fain-logo.svg","width":130,"height":130,"caption":"FAIN"},"image":{"@id":"https:\/\/fain-elevators.com\/es\/#\/schema\/logo\/image\/"}}]}},"_links":{"self":[{"href":"https:\/\/fain-elevators.com\/es\/wp-json\/wp\/v2\/pages\/15517","targetHints":{"allow":["GET"]}}],"collection":[{"href":"https:\/\/fain-elevators.com\/es\/wp-json\/wp\/v2\/pages"}],"about":[{"href":"https:\/\/fain-elevators.com\/es\/wp-json\/wp\/v2\/types\/page"}],"author":[{"embeddable":true,"href":"https:\/\/fain-elevators.com\/es\/wp-json\/wp\/v2\/users\/1"}],"replies":[{"embeddable":true,"href":"https:\/\/fain-elevators.com\/es\/wp-json\/wp\/v2\/comments?post=15517"}],"version-history":[{"count":2,"href":"https:\/\/fain-elevators.com\/es\/wp-json\/wp\/v2\/pages\/15517\/revisions"}],"predecessor-version":[{"id":15519,"href":"https:\/\/fain-elevators.com\/es\/wp-json\/wp\/v2\/pages\/15517\/revisions\/15519"}],"wp:attachment":[{"href":"https:\/\/fain-elevators.com\/es\/wp-json\/wp\/v2\/media?parent=15517"}],"curies":[{"name":"wp","href":"https:\/\/api.w.org\/{rel}","templated":true}]}}