{"id":15398,"date":"2020-09-29T10:32:18","date_gmt":"2020-09-29T08:32:18","guid":{"rendered":"https:\/\/fain-elevators.com\/politica-de-cookies\/"},"modified":"2026-01-27T16:09:08","modified_gmt":"2026-01-27T15:09:08","slug":"politica-de-cookies","status":"publish","type":"page","link":"https:\/\/fain-elevators.com\/es\/politica-de-cookies\/","title":{"rendered":"Pol\u00edtica de cookies"},"content":{"rendered":"\n<p>Este sitio web utiliza cookies. El uso que hacemos de las cookies en nuestro sitio web tiene como finalidad mejorar tu experiencia de usuario, mediante la personalizaci\u00f3n de los contenidos y acciones de difusi\u00f3n de nuestra actividad. Por ello, podemos compartir informaci\u00f3n sobre el uso del sitio web con socios de medios sociales o de an\u00e1lisis que tengamos en cada momento, y \u00e9stos pueden combinarla con otra informaci\u00f3n que se les haya proporcionado o que hayan recopilado a partir del uso que hayas hecho de sus servicios. Si haces clic en \u00abAceptar y continuar navegando\u00bb, aceptas todas las cookies. Si haces clic en \u00abConfiguraci\u00f3n\u00bb, puedes seleccionar las que desees o rechazarlas todas. Puedes cambiar tu configuraci\u00f3n en cualquier momento.     <\/p>\n\n<p>Las cookies son peque\u00f1os archivos de texto que las p\u00e1ginas web pueden utilizar para hacer que la experiencia de los usuarios sea m\u00e1s eficiente.<\/p>\n\n<p>La ley establece que podemos almacenar cookies en tu dispositivo si son estrictamente necesarias para que esta p\u00e1gina funcione. Necesitamos tu consentimiento para almacenar cookies en tu dispositivo para todos los dem\u00e1s tipos de cookies. <\/p>\n\n<p>Este sitio web utiliza diferentes tipos de cookies. Algunas de estas cookies son proporcionadas por servicios de terceros que aparecen en nuestro sitio web. <\/p>\n\n<p>Puedes cambiar o retirar tu consentimiento en cualquier momento desde la Declaraci\u00f3n o Pol\u00edtica de Cookies de nuestro sitio web.<\/p>\n\n<p>Esta Declaraci\u00f3n o Pol\u00edtica de Cookies podr\u00e1 ser modificada en cualquier momento por motivos legales, reglamentarios, t\u00e9cnicos o por cambios en la prestaci\u00f3n de los servicios del sitio web. Cuando se produzca un cambio, lo publicaremos en el sitio web para tu informaci\u00f3n. Si contin\u00faas utilizando los servicios del sitio web, consideraremos que aceptas los cambios introducidos.  <\/p>\n\n<p>En los casos en que las cookies permitan la identificaci\u00f3n del usuario (determinadas cookies anal\u00edticas), FAIN Ascensores le informa de que es Responsable del Tratamiento de estos datos y \u00fanicamente tratar\u00e1 los mismos con la finalidad de gestionar la funci\u00f3n espec\u00edfica de cada cookie, de acuerdo con lo descrito en el p\u00e1rrafo anterior. La aceptaci\u00f3n de las cookies es voluntaria, salvo para las cookies necesarias. <\/p>\n\n<p>Puedes ejercer los derechos de acceso, rectificaci\u00f3n, supresi\u00f3n, oposici\u00f3n, limitaci\u00f3n al tratamiento y portabilidad respecto a tus datos personales. Para ello, deber\u00e1s dirigir una comunicaci\u00f3n postal a Doctor Esquerdo 57 28007 Madrid o por correo electr\u00f3nico a lopd@fainascensores.com, aportando fotocopia de tu documento nacional de identidad, pasaporte u otro documento identificativo v\u00e1lido en derecho espa\u00f1ol. <\/p>\n\n<p>Si consideras que tus datos personales no han sido tratados conforme a la normativa, o para cualquier cuesti\u00f3n que estimes oportuna, puedes ponerte en contacto con el Delegado de Protecci\u00f3n de Datos en <a href=\"mailto:lopd@fainascensores.com\">lopd@fainascensores.com.<\/a> En cualquier caso, se podr\u00e1 presentar una reclamaci\u00f3n ante la Agencia Espa\u00f1ola de Protecci\u00f3n de Datos<a href=\"https:\/\/www.aepd.es\/\" target=\"_blank\" rel=\"noreferrer noopener\">(www.agpd.es)<\/a>.<\/p>\n\n<script id=\"CookieDeclaration\" src=\"https:\/\/consent.cookiebot.com\/7fc1b15d-46e1-4355-bfb2-60dc6b577df1\/cd.js\" type=\"text\/javascript\" async=\"\"><\/script>\n","protected":false},"excerpt":{"rendered":"<p>Este sitio web utiliza cookies. El uso que hacemos de las cookies en nuestro sitio web tiene como finalidad mejorar tu experiencia de usuario, mediante la personalizaci\u00f3n de los contenidos y acciones de difusi\u00f3n de nuestra actividad. Por ello, podemos compartir informaci\u00f3n sobre el uso del sitio web con socios de medios sociales o de [&hellip;]<\/p>\n","protected":false},"author":1,"featured_media":0,"parent":0,"menu_order":0,"comment_status":"closed","ping_status":"closed","template":"","meta":{"_acf_changed":false,"inline_featured_image":false,"footnotes":""},"class_list":["post-15398","page","type-page","status-publish","hentry"],"acf":[],"yoast_head":"<!-- This site is optimized with the Yoast SEO plugin v27.4 - https:\/\/yoast.com\/product\/yoast-seo-wordpress\/ -->\n<title>Pol\u00edtica de cookies - FAIN GLOBAL<\/title>\n<meta name=\"description\" content=\"El uso de cookies en nuestro sitio web tiene como objetivo mejorar tu experiencia de usuario. Descubre nuestra pol\u00edtica.\" \/>\n<meta name=\"robots\" content=\"index, follow, max-snippet:-1, max-image-preview:large, max-video-preview:-1\" \/>\n<link rel=\"canonical\" href=\"https:\/\/fain-elevators.com\/es\/politica-de-cookies\/\" \/>\n<meta property=\"og:locale\" content=\"es_ES\" \/>\n<meta property=\"og:type\" content=\"article\" \/>\n<meta property=\"og:title\" content=\"Pol\u00edtica de cookies - FAIN GLOBAL\" \/>\n<meta property=\"og:description\" content=\"El uso de cookies en nuestro sitio web tiene como objetivo mejorar tu experiencia de usuario. Descubre nuestra pol\u00edtica.\" \/>\n<meta property=\"og:url\" content=\"https:\/\/fain-elevators.com\/es\/politica-de-cookies\/\" \/>\n<meta property=\"og:site_name\" content=\"FAIN GLOBAL\" \/>\n<meta property=\"article:modified_time\" content=\"2026-01-27T15:09:08+00:00\" \/>\n<meta name=\"twitter:card\" content=\"summary_large_image\" \/>\n<meta name=\"twitter:label1\" content=\"Tiempo de lectura\" \/>\n\t<meta name=\"twitter:data1\" content=\"2 minutos\" \/>\n<script type=\"application\/ld+json\" class=\"yoast-schema-graph\">{\"@context\":\"https:\\\/\\\/schema.org\",\"@graph\":[{\"@type\":\"WebPage\",\"@id\":\"https:\\\/\\\/fain-elevators.com\\\/es\\\/politica-de-cookies\\\/\",\"url\":\"https:\\\/\\\/fain-elevators.com\\\/es\\\/politica-de-cookies\\\/\",\"name\":\"Pol\u00edtica de cookies - FAIN GLOBAL\",\"isPartOf\":{\"@id\":\"https:\\\/\\\/fain-elevators.com\\\/es\\\/#website\"},\"datePublished\":\"2020-09-29T08:32:18+00:00\",\"dateModified\":\"2026-01-27T15:09:08+00:00\",\"description\":\"El uso de cookies en nuestro sitio web tiene como objetivo mejorar tu experiencia de usuario. Descubre nuestra pol\u00edtica.\",\"breadcrumb\":{\"@id\":\"https:\\\/\\\/fain-elevators.com\\\/es\\\/politica-de-cookies\\\/#breadcrumb\"},\"inLanguage\":\"es\",\"potentialAction\":[{\"@type\":\"ReadAction\",\"target\":[\"https:\\\/\\\/fain-elevators.com\\\/es\\\/politica-de-cookies\\\/\"]}]},{\"@type\":\"BreadcrumbList\",\"@id\":\"https:\\\/\\\/fain-elevators.com\\\/es\\\/politica-de-cookies\\\/#breadcrumb\",\"itemListElement\":[{\"@type\":\"ListItem\",\"position\":1,\"name\":\"Portada\",\"item\":\"https:\\\/\\\/fain-elevators.com\\\/es\\\/\"},{\"@type\":\"ListItem\",\"position\":2,\"name\":\"Pol\u00edtica de cookies\"}]},{\"@type\":\"WebSite\",\"@id\":\"https:\\\/\\\/fain-elevators.com\\\/es\\\/#website\",\"url\":\"https:\\\/\\\/fain-elevators.com\\\/es\\\/\",\"name\":\"FAIN\",\"description\":\"\",\"publisher\":{\"@id\":\"https:\\\/\\\/fain-elevators.com\\\/es\\\/#organization\"},\"potentialAction\":[{\"@type\":\"SearchAction\",\"target\":{\"@type\":\"EntryPoint\",\"urlTemplate\":\"https:\\\/\\\/fain-elevators.com\\\/es\\\/?s={search_term_string}\"},\"query-input\":{\"@type\":\"PropertyValueSpecification\",\"valueRequired\":true,\"valueName\":\"search_term_string\"}}],\"inLanguage\":\"es\"},{\"@type\":\"Organization\",\"@id\":\"https:\\\/\\\/fain-elevators.com\\\/es\\\/#organization\",\"name\":\"FAIN\",\"url\":\"https:\\\/\\\/fain-elevators.com\\\/es\\\/\",\"logo\":{\"@type\":\"ImageObject\",\"inLanguage\":\"es\",\"@id\":\"https:\\\/\\\/fain-elevators.com\\\/es\\\/#\\\/schema\\\/logo\\\/image\\\/\",\"url\":\"https:\\\/\\\/fain-elevators.com\\\/wp-content\\\/uploads\\\/sites\\\/5\\\/2022\\\/07\\\/fain-logo.svg\",\"contentUrl\":\"https:\\\/\\\/fain-elevators.com\\\/wp-content\\\/uploads\\\/sites\\\/5\\\/2022\\\/07\\\/fain-logo.svg\",\"width\":130,\"height\":130,\"caption\":\"FAIN\"},\"image\":{\"@id\":\"https:\\\/\\\/fain-elevators.com\\\/es\\\/#\\\/schema\\\/logo\\\/image\\\/\"}}]}<\/script>\n<!-- \/ Yoast SEO plugin. -->","yoast_head_json":{"title":"Pol\u00edtica de cookies - FAIN GLOBAL","description":"El uso de cookies en nuestro sitio web tiene como objetivo mejorar tu experiencia de usuario. Descubre nuestra pol\u00edtica.","robots":{"index":"index","follow":"follow","max-snippet":"max-snippet:-1","max-image-preview":"max-image-preview:large","max-video-preview":"max-video-preview:-1"},"canonical":"https:\/\/fain-elevators.com\/es\/politica-de-cookies\/","og_locale":"es_ES","og_type":"article","og_title":"Pol\u00edtica de cookies - FAIN GLOBAL","og_description":"El uso de cookies en nuestro sitio web tiene como objetivo mejorar tu experiencia de usuario. Descubre nuestra pol\u00edtica.","og_url":"https:\/\/fain-elevators.com\/es\/politica-de-cookies\/","og_site_name":"FAIN GLOBAL","article_modified_time":"2026-01-27T15:09:08+00:00","twitter_card":"summary_large_image","twitter_misc":{"Tiempo de lectura":"2 minutos"},"schema":{"@context":"https:\/\/schema.org","@graph":[{"@type":"WebPage","@id":"https:\/\/fain-elevators.com\/es\/politica-de-cookies\/","url":"https:\/\/fain-elevators.com\/es\/politica-de-cookies\/","name":"Pol\u00edtica de cookies - FAIN GLOBAL","isPartOf":{"@id":"https:\/\/fain-elevators.com\/es\/#website"},"datePublished":"2020-09-29T08:32:18+00:00","dateModified":"2026-01-27T15:09:08+00:00","description":"El uso de cookies en nuestro sitio web tiene como objetivo mejorar tu experiencia de usuario. Descubre nuestra pol\u00edtica.","breadcrumb":{"@id":"https:\/\/fain-elevators.com\/es\/politica-de-cookies\/#breadcrumb"},"inLanguage":"es","potentialAction":[{"@type":"ReadAction","target":["https:\/\/fain-elevators.com\/es\/politica-de-cookies\/"]}]},{"@type":"BreadcrumbList","@id":"https:\/\/fain-elevators.com\/es\/politica-de-cookies\/#breadcrumb","itemListElement":[{"@type":"ListItem","position":1,"name":"Portada","item":"https:\/\/fain-elevators.com\/es\/"},{"@type":"ListItem","position":2,"name":"Pol\u00edtica de cookies"}]},{"@type":"WebSite","@id":"https:\/\/fain-elevators.com\/es\/#website","url":"https:\/\/fain-elevators.com\/es\/","name":"FAIN","description":"","publisher":{"@id":"https:\/\/fain-elevators.com\/es\/#organization"},"potentialAction":[{"@type":"SearchAction","target":{"@type":"EntryPoint","urlTemplate":"https:\/\/fain-elevators.com\/es\/?s={search_term_string}"},"query-input":{"@type":"PropertyValueSpecification","valueRequired":true,"valueName":"search_term_string"}}],"inLanguage":"es"},{"@type":"Organization","@id":"https:\/\/fain-elevators.com\/es\/#organization","name":"FAIN","url":"https:\/\/fain-elevators.com\/es\/","logo":{"@type":"ImageObject","inLanguage":"es","@id":"https:\/\/fain-elevators.com\/es\/#\/schema\/logo\/image\/","url":"https:\/\/fain-elevators.com\/wp-content\/uploads\/sites\/5\/2022\/07\/fain-logo.svg","contentUrl":"https:\/\/fain-elevators.com\/wp-content\/uploads\/sites\/5\/2022\/07\/fain-logo.svg","width":130,"height":130,"caption":"FAIN"},"image":{"@id":"https:\/\/fain-elevators.com\/es\/#\/schema\/logo\/image\/"}}]}},"_links":{"self":[{"href":"https:\/\/fain-elevators.com\/es\/wp-json\/wp\/v2\/pages\/15398","targetHints":{"allow":["GET"]}}],"collection":[{"href":"https:\/\/fain-elevators.com\/es\/wp-json\/wp\/v2\/pages"}],"about":[{"href":"https:\/\/fain-elevators.com\/es\/wp-json\/wp\/v2\/types\/page"}],"author":[{"embeddable":true,"href":"https:\/\/fain-elevators.com\/es\/wp-json\/wp\/v2\/users\/1"}],"replies":[{"embeddable":true,"href":"https:\/\/fain-elevators.com\/es\/wp-json\/wp\/v2\/comments?post=15398"}],"version-history":[{"count":5,"href":"https:\/\/fain-elevators.com\/es\/wp-json\/wp\/v2\/pages\/15398\/revisions"}],"predecessor-version":[{"id":16167,"href":"https:\/\/fain-elevators.com\/es\/wp-json\/wp\/v2\/pages\/15398\/revisions\/16167"}],"wp:attachment":[{"href":"https:\/\/fain-elevators.com\/es\/wp-json\/wp\/v2\/media?parent=15398"}],"curies":[{"name":"wp","href":"https:\/\/api.w.org\/{rel}","templated":true}]}}